{"id":638,"date":"2021-09-14T08:32:57","date_gmt":"2021-09-14T08:32:57","guid":{"rendered":"https:\/\/seebad-lubmin.com\/?page_id=638"},"modified":"2025-08-04T08:52:03","modified_gmt":"2025-08-04T08:52:03","slug":"medizinische-einrichtungen","status":"publish","type":"page","link":"https:\/\/seebad-lubmin.com\/?page_id=638","title":{"rendered":"Medizinische Einrichtungen"},"content":{"rendered":"\n<figure class=\"wp-block-gallery has-nested-images columns-default is-cropped wp-block-gallery-1 is-layout-flex wp-block-gallery-is-layout-flex\">\n<figure class=\"wp-block-image size-full\"><img loading=\"lazy\" decoding=\"async\" width=\"2244\" height=\"1713\" data-id=\"732\" src=\"https:\/\/seebad-lubmin.com\/wp-content\/uploads\/2021\/09\/Ortsplan_Lubmin_gr_medizin.png\" alt=\"Karte Ortsplan Seebad Lubmin\nInfrastruktur - Medizinische Einrichtungen\" class=\"wp-image-732\" srcset=\"https:\/\/seebad-lubmin.com\/wp-content\/uploads\/2021\/09\/Ortsplan_Lubmin_gr_medizin.png 2244w, https:\/\/seebad-lubmin.com\/wp-content\/uploads\/2021\/09\/Ortsplan_Lubmin_gr_medizin-300x229.png 300w, https:\/\/seebad-lubmin.com\/wp-content\/uploads\/2021\/09\/Ortsplan_Lubmin_gr_medizin-1024x782.png 1024w, https:\/\/seebad-lubmin.com\/wp-content\/uploads\/2021\/09\/Ortsplan_Lubmin_gr_medizin-768x586.png 768w, https:\/\/seebad-lubmin.com\/wp-content\/uploads\/2021\/09\/Ortsplan_Lubmin_gr_medizin-1536x1173.png 1536w, https:\/\/seebad-lubmin.com\/wp-content\/uploads\/2021\/09\/Ortsplan_Lubmin_gr_medizin-2048x1563.png 2048w\" sizes=\"auto, (max-width: 2244px) 100vw, 2244px\" \/><figcaption class=\"wp-element-caption\">Medizinische Einrichtungen<\/figcaption><\/figure>\n<\/figure>\n\n\n\n1) &#8211;<a onmouseover=\"MM_showHideLayers('arzt','','show')\" onmouseout=\"MM_showHideLayers('arzt','','hide')\" href=\"https:\/\/seebad-lubmin.com\/?page_id=494\" target=\"_top\" rel=\"noopener\"> \u00c4rztehaus <\/a>\n&#8211; 2) &#8211;<a onmouseover=\"MM_showHideLayers('zahnarzt','','show')\" onmouseout=\"MM_showHideLayers('zahnarzt','','hide')\" href=\"https:\/\/seebad-lubmin.com\/?page_id=494\" target=\"_top\" rel=\"noopener\"> \u00c4rztehaus, Zahn\u00e4rzte, &nbsp;&nbsp;&nbsp;&nbsp;&nbsp;Physiotherapie <\/a>\n&#8211; 3) &#8211;<a onmouseover=\"MM_showHideLayers('kinderarzt','','show')\" onmouseout=\"MM_showHideLayers('kinderarzt','','hide')\" href=\"https:\/\/seebad-lubmin.com\/?page_id=494\" target=\"_top\" rel=\"noopener\">Kinderarzt<\/a>\n&#8211; 4) &#8211;<a onmouseover=\"MM_showHideLayers('apotheke','','show')\" onmouseout=\"MM_showHideLayers('apotheke','','hide')\" href=\"https:\/\/seebad-lubmin.com\/?page_id=494\" target=\"_top\" rel=\"noopener\">BODDEN-Apotheke<\/a>\n&#8211; 5) &#8211;<a onmouseover=\"MM_showHideLayers('sozial','','show')\" onmouseout=\"MM_showHideLayers('sozial','','hide')\" href=\"https:\/\/seebad-lubmin.com\/?page_id=494\" target=\"_top\" rel=\"noopener\">Sozialstation, <br>&nbsp;&nbsp;&nbsp;&nbsp;&nbsp;Betreutes Wohnen <\/a>\n&#8211; 6) &#8211;<a onmouseover=\"MM_showHideLayers('diakonie','','show')\" onmouseout=\"MM_showHideLayers('diakonie','','hide')\" href=\"https:\/\/seebad-lubmin.com\/?page_id=494\" target=\"_top\" rel=\"noopener\">Diakonie, Pflegeheim &nbsp; &#8222;Meeresblick&#8220;<\/a>\n\n\n\n<p><\/p>\n","protected":false},"excerpt":{"rendered":"<p>1) &#8211; \u00c4rztehaus &#8211; 2) &#8211; \u00c4rztehaus, Zahn\u00e4rzte, &nbsp;&nbsp;&nbsp;&nbsp;&nbsp;Physiotherapie &#8211; 3) &#8211;Kinderarzt &#8211; 4) &#8211;BODDEN-Apotheke &#8211; 5) &#8211;Sozialstation, &nbsp;&nbsp;&nbsp;&nbsp;&nbsp;Betreutes Wohnen &#8211; 6) &#8211;Diakonie, Pflegeheim &nbsp; &#8222;Meeresblick&#8220;<\/p>\n","protected":false},"author":1,"featured_media":0,"parent":329,"menu_order":0,"comment_status":"closed","ping_status":"closed","template":"tpl-full-width.php","meta":{"_monsterinsights_skip_tracking":false,"_monsterinsights_sitenote_active":false,"_monsterinsights_sitenote_note":"","_monsterinsights_sitenote_category":0,"footnotes":""},"class_list":["post-638","page","type-page","status-publish","hentry"],"_links":{"self":[{"href":"https:\/\/seebad-lubmin.com\/index.php?rest_route=\/wp\/v2\/pages\/638","targetHints":{"allow":["GET"]}}],"collection":[{"href":"https:\/\/seebad-lubmin.com\/index.php?rest_route=\/wp\/v2\/pages"}],"about":[{"href":"https:\/\/seebad-lubmin.com\/index.php?rest_route=\/wp\/v2\/types\/page"}],"author":[{"embeddable":true,"href":"https:\/\/seebad-lubmin.com\/index.php?rest_route=\/wp\/v2\/users\/1"}],"replies":[{"embeddable":true,"href":"https:\/\/seebad-lubmin.com\/index.php?rest_route=%2Fwp%2Fv2%2Fcomments&post=638"}],"version-history":[{"count":16,"href":"https:\/\/seebad-lubmin.com\/index.php?rest_route=\/wp\/v2\/pages\/638\/revisions"}],"predecessor-version":[{"id":1145,"href":"https:\/\/seebad-lubmin.com\/index.php?rest_route=\/wp\/v2\/pages\/638\/revisions\/1145"}],"up":[{"embeddable":true,"href":"https:\/\/seebad-lubmin.com\/index.php?rest_route=\/wp\/v2\/pages\/329"}],"wp:attachment":[{"href":"https:\/\/seebad-lubmin.com\/index.php?rest_route=%2Fwp%2Fv2%2Fmedia&parent=638"}],"curies":[{"name":"wp","href":"https:\/\/api.w.org\/{rel}","templated":true}]}}