{"id":402,"date":"2019-12-17T12:05:45","date_gmt":"2019-12-17T12:05:45","guid":{"rendered":"http:\/\/seebad-lubmin.com\/?page_id=402"},"modified":"2025-08-04T10:28:40","modified_gmt":"2025-08-04T10:28:40","slug":"radwanderweg-ueber-ca-26-kilometer","status":"publish","type":"page","link":"https:\/\/seebad-lubmin.com\/?page_id=402","title":{"rendered":"Radwanderweg \u00fcber ca. 26 Kilometer"},"content":{"rendered":"<p><strong>Radwanderweg \u00fcber ca. 26 Kilometer<\/strong><\/p>\n<p><strong>Lubmin &#8211; Vierow &#8211; Gahlkow &#8211; Ludwigsburg &#8211; Neuendorf &#8211; Stilow &#8211; Kr\u00e4pelin &#8211; Wusterhusen &#8211; Lubmin<\/strong><br \/>(Reine Fahrzeit ca. 2,5 Stunden)<\/p>\n<p>Ausgangspunkt Ihrer Radwanderung ist die Kurverwaltung, das Haus des Gastes. Von hier aus fahren Sie nach Iinks auf die Freester Stra\u00dfe und an ihrem Ende nach rechts in das &#8222;Alte Dorf&#8220;. Auf dieser Stra\u00dfe bleiben Sie, diese geht in die Hafenstra\u00dfe \u00fcber Am Abzweig Gartenweg biegen Sie nach links ab und fahren an der Heinvolkshochschule vorbei m Richtung Strand. Am Ende der Stra\u00dfe kommen Sie auf einen Parkplatz.<\/p>\n<p>Dort fahren Sie geradeaus auf den schmalen Landweg und an den Pappet entlang bis zum neuen Hafen von Vierow. Nach wenigen Metern K\u00f6nnen Sie den sagenumwobenen &#8222;Teufelstein&#8220; im Wasser liegen sehen. Am Hafen angekommen, fahren Sie auf einer neuen, glatten Asphaltstra\u00dfe links am Hafen vorbei, geradeaus auf einen Radweg. Dieser m\u00fcndet kurz darauf auf die asphaltierte, wenig vom Kraftfahrzeugverkehr befahrene Stra\u00dfe nach Vierow Im Ort biegen Sie rechte ab, in Richtung Gahlkow. Ein Wegweiser zeigt Ihnen den richtigen Weg.<\/p>\n<p>Nach einer Fahrt von ca. 2 Kilometern sind Sie in Gahlkow angekommen und folgen hier der abbiegenden Stra\u00dfe. An der zweiten Abfahrt biegen Sie nach rechts in die Mittelstra\u00dfe. Hier finden Sie einen Holzwegweiser nach Ludwigsburg. Weiter geht es geradeaus, hinter dem Dorfteich fahren Sie am Wegweiser in Richtung Ludwigsburg nach links auf eine schmale und glatte Asphaltstra\u00dfe. An der n\u00e4chsten Kreuzung fahren Sie geradeaus und erreichen sie ca. 300 Meter sp\u00e4ter Gahlkow Bungalowsiedlung.<\/p>\n<p>Nach weiteren ca. 500 Metern sehen Sie einen Holzwegweiser &#8222;Radwanderweg&#8220;, dessen ausgewiesener Richtung Sie folgen. Ein schmaler und glatter Radweg erwartet Sie und f\u00fchrt Sie, teilweise direkt an der K\u00fcste entlang, bis zum Loissiner Zeltplatz.<\/p>\n<p>Hinter dem Zeltplatz fahren sie in Richtung der Bungalows, wieder finden Sie einen Holzwegweiser nach Ludwigsburg. Auf einer Entfernung von ca. 1 Kilometer radeln Sie auf einer schmalen, wenig befahrenen Asphaltstra\u00dfe direkt am Waid entlang, solange bis diese Stra\u00dfe endet.<\/p>\n<p>Jetzt biegen Sie links m den Waid ein. Hier ist der Weg schlecht befestigt, jedoch k\u00f6nnen Sie schon nach ca. 400 Metern wieder auf einen Asphaltradweg fahren.<\/p>\n<p>Ca. 1 Kilometer sp\u00e4ter endet dieser, durch ein versetzte Sperre fahren Sie wieder in den Wald. Dieser Waldweg l\u00e4\u00dft sich sehr gut befahren. Nach ca. einem weiteren Kilometer erreichen Sie erneut einen Holzwegweiser nach Ludwigsburg. Sie biegen links ab und fahren nun ca. 3 Kilometer auf einer schmalen und glatten Asphaltstra\u00dfe.<\/p>\n<p>In Ludwigsburg lassen Sie &#8222;Oldachs Lindenkrug&#8220; links liegen und fahren weiter geradeaus. Den Ortseingang von Neuendorf erreichen Sie nach ca. 2,5 Kilometern Radfahrt. Sie biegen nach rechts In den Ort und an der ersten Abfahrt nach links und bleiben auf dieser Stra\u00dfe bis sie endet.<\/p>\n<p>An der Einm\u00fcndung biegen Sie links ab und feigen so nicht dem Wegweiser Radweg, sondern fahren nach links in Richtung der Crossbahn. Noch bevor sie dort angekommen sind, fahren Sie an der n\u00e4chsten Einm\u00fcndung rechte ab und anschlie\u00dfend \u00fcber die gro\u00dfe, vielbefahrene Hauptstra\u00dfe hinweg.<\/p>\n<p>Sie fahren nun an den G\u00e4rten entlang (durch die zwei Gartentore der Gartensparte gleich am Anfang), dann auf einem schmalen Waldweg weiter. Nach ca. einem Kilometer kommen Sie an eine Weggabelung, dort halten Sie sich linkerhand und erreichen nach ca. 300 Metern Stilow\/ Siedlung.<\/p>\n<p>Dort biegen Sie an der Hauptstra\u00dfe rechts ab und durchfahren den Ort Stilow. Am Dorfteich fahren Sie nach links in Richtung Gustebin. Ein Wegweiser ist hier vorhanden und Sie fahren auf einer glatten Stra\u00dfe. An der ersten Abfahrt, ca. 2 Kilometer entfernt biegen Sie links auf einen Sandweg in Richtung Kr\u00e4pelin, ohne zuvor Gustebin erreicht zu haben.<\/p>\n<p>2 Kilometer danach \u00fcberqueren Sie nochmals eine vielbefahrene Hauptstra\u00dfe. Den Ortseingang von Kr\u00e4pelin Sie schon nach ca. 600 Metern Fahrt auf einem Sandweg. Hinter dem Ortseingangsschild biegen Sie rechts ab und fahren weiter geradeaus durch den Ort. Sie kommen direkt auf den &#8222;Kirchsteig&#8220;, dort biegen Sie rechts ab um nach Wusterhusen zu gelangen.<\/p>\n<p>Ca. 1 Kilometer sp\u00e4ter gabelt sich der Feldweg, Sie biegen hier links ab, fahren durch die Pappeln und am Reitplatz vorbei nach Wusterhusen. Durch den Ortskern fahrend erreichen Sie Ihren Ausgangspunkt Lubmin nach ca. 3 Kilometern.<\/p>\n\n\n<figure class=\"wp-block-image size-full is-style-default\"><img loading=\"lazy\" decoding=\"async\" width=\"735\" height=\"532\" src=\"https:\/\/seebad-lubmin.com\/wp-content\/uploads\/2021\/12\/Fahrradroute_26km.gif\" alt=\"Fahrradkarte Route 26 km\nRadwanderweg \u00fcber ca. 26 Kilometer\nLubmin - Vierow - Gahlkow - Ludwigsburg - Neuendorf - Stilow - Kr\u00e4pelin - Wusterhusen - Lubmin\n(Reine Fahrzeit ca. 2,5 Stunden)\" class=\"wp-image-971\"\/><figcaption class=\"wp-element-caption\">Route 26 km<\/figcaption><\/figure>\n","protected":false},"excerpt":{"rendered":"<p>Radwanderweg \u00fcber ca. 26 Kilometer Lubmin &#8211; Vierow &#8211; Gahlkow &#8211; Ludwigsburg &#8211; Neuendorf &#8211; Stilow &#8211; Kr\u00e4pelin &#8211; Wusterhusen &#8211; Lubmin(Reine Fahrzeit ca. 2,5 Stunden) Ausgangspunkt Ihrer Radwanderung ist die Kurverwaltung, das Haus des Gastes. Von hier aus fahren <a href=\"https:\/\/seebad-lubmin.com\/?page_id=402\" class=\"more-link\">Lies mehr &#8230;<\/a><\/p>\n","protected":false},"author":1,"featured_media":0,"parent":392,"menu_order":0,"comment_status":"closed","ping_status":"closed","template":"","meta":{"_monsterinsights_skip_tracking":false,"_monsterinsights_sitenote_active":false,"_monsterinsights_sitenote_note":"","_monsterinsights_sitenote_category":0,"footnotes":""},"class_list":["post-402","page","type-page","status-publish","hentry"],"_links":{"self":[{"href":"https:\/\/seebad-lubmin.com\/index.php?rest_route=\/wp\/v2\/pages\/402","targetHints":{"allow":["GET"]}}],"collection":[{"href":"https:\/\/seebad-lubmin.com\/index.php?rest_route=\/wp\/v2\/pages"}],"about":[{"href":"https:\/\/seebad-lubmin.com\/index.php?rest_route=\/wp\/v2\/types\/page"}],"author":[{"embeddable":true,"href":"https:\/\/seebad-lubmin.com\/index.php?rest_route=\/wp\/v2\/users\/1"}],"replies":[{"embeddable":true,"href":"https:\/\/seebad-lubmin.com\/index.php?rest_route=%2Fwp%2Fv2%2Fcomments&post=402"}],"version-history":[{"count":3,"href":"https:\/\/seebad-lubmin.com\/index.php?rest_route=\/wp\/v2\/pages\/402\/revisions"}],"predecessor-version":[{"id":1193,"href":"https:\/\/seebad-lubmin.com\/index.php?rest_route=\/wp\/v2\/pages\/402\/revisions\/1193"}],"up":[{"embeddable":true,"href":"https:\/\/seebad-lubmin.com\/index.php?rest_route=\/wp\/v2\/pages\/392"}],"wp:attachment":[{"href":"https:\/\/seebad-lubmin.com\/index.php?rest_route=%2Fwp%2Fv2%2Fmedia&parent=402"}],"curies":[{"name":"wp","href":"https:\/\/api.w.org\/{rel}","templated":true}]}}