{"id":397,"date":"2019-12-17T11:48:09","date_gmt":"2019-12-17T11:48:09","guid":{"rendered":"http:\/\/seebad-lubmin.com\/?page_id=397"},"modified":"2025-08-04T10:20:10","modified_gmt":"2025-08-04T10:20:10","slug":"radwanderweg-ueber-ca-25-kilometer","status":"publish","type":"page","link":"https:\/\/seebad-lubmin.com\/?page_id=397","title":{"rendered":"Radwanderweg \u00fcber ca. 25 Kilometer"},"content":{"rendered":"<p><strong>Radwanderweg \u00fcber ca. 25 Kilometer<br \/><del>Lubmin<\/del> &#8211; Freest &#8211; Nonnendorf &#8211; Latzow &#8211; Konerow &#8211; Gustebin &#8211; Wusterhusen &#8211; Lubmin<\/strong><br \/>(Reine Fahrzeit ca. 2 Stunden)<\/p>\n<p>Ausgangspunkt Ihrer Radwanderung ist die Kurverwaltung, das Haus des Gastes.<br \/>Von hier aus fahren Sie geradeaus auf die Wusterhusener Stra\u00dfe. Vor dem Einkaufszentrum biegen Sie nach links in die Pflaumenallee. An der Weggabelung, ein Holzwegweiser weist Ihnen die Richtung, fahren Sie nach Freest Am Ende der Pflaumenallee beginnt ein Radweg, der Sie entlang der Hauptstra\u00dfe bis zum EWN f\u00fchrt.<\/p>\n<p>Nun fahren Sie ca. 2 Kilometer auf der Landstra\u00dfe bis Spandowerhagen. Hinter Spandowerhagen beginnt erneut ein Radweg, den Sie befahren, um ca. 2 Kilometer sp\u00e4ter in Freest anzukommen. Freest bietet die M\u00f6glichkeit f\u00fcr eine erste Pause. Am Fischereihafen gibt es mehrere Gastst\u00e4tten und Fischr\u00e4uchereien sowie eine Eisdiele. Au\u00dferdem lohnt sich ein Besuch der Heimatstube.<\/p>\n<p>Um den Radwanderweg fortzusetzen, fahren Sie weiterhin auf der Hauptstra\u00dfe bis zur Pension &#8222;Leuchtfeuer&#8220;. Eine Litfa\u00dfs\u00e4ule, die wie ein Lauchtturm gestaltet ist, weist Ihnen den Weg. Dahinter biegen Sie rechts ab, in die &#8222;Oberreihe&#8220;. Aus der &#8222;Oberreihe&#8220; fahren Sie geradeaus in einen Feld- und Waldweg und bleiben auf diesem Weg ca. 2,5 Kilometer. Kurz vor Nonnendorf gibt es rechts einen Spielplatz.<\/p>\n<p>In der Dorfmitte von Nonnendorf biegen Sie nach rechts in Richtung Latzow ab. in ca. 1 Kilometer erreichen Sie Latzow auf einer schmalen, glatten und wenig befahrenen Asphaltstra\u00dfe.<\/p>\n<p>Sie fahren nun weiter auf der Landstra\u00dfe nach Pritzwald. Dort angekommen, biegen Sie am Verkehrszeichen &#8222;Vorfahrt gew\u00e4hren&#8220; nach rechts auf eine vielbefahrene Hauptstra\u00dfe, die Sie jedoch schon 5O Meter sp\u00e4ter wieder verlassen, indem Sie nach links in Richtung Konerow abbiegen. Nach ca. 2 Kilometern Fahrt auf einer schmalen Asphaltstra\u00dfe erreichen Sie Konerow.<\/p>\n<p>Ab Konerow fahren Sie auf Kopfsteinpflaster. In der Dorfmitte fahren sie nach links. Nach ca. 200 Metern erreichen Sie einen Wegweiser nach Gustebin. Bis Gustebin fahren Sie nun auf einem Plattenweg. Nach ca. 200 Metern Fahrt im Ort halten Sie sich rechterhand in Richtung Wusterhusen. Im Dorf bietet ein Spiel- und Rastplatz M\u00f6glichkeiten f\u00fcr eine Pause.<\/p>\n<p>Nach weiteren 2 Kilometern biegen Sie f\u00fcr 500 Meter nach rechts auf eine vielbefahrene Hauptstra\u00dfe, unterhand befindet sich die Kirche von Wusterhusen, dahinter biegen Sie am Wegweiser nach Lubmin ab. Haben Sie Wusterhusen durchfahren, erreichen Sie auf einem Radweg das ca. 2,5 Kilometer entfernte Lubmin und beenden hier Ihre Radwanderung.<\/p>\n\n\n<figure class=\"wp-block-image size-full is-style-default\"><img loading=\"lazy\" decoding=\"async\" width=\"735\" height=\"523\" src=\"https:\/\/seebad-lubmin.com\/wp-content\/uploads\/2021\/12\/Fahrradroute_25akm.gif\" alt=\"Karte Radwanderweg \u00fcber ca. 25 Kilometer,\nLubmin - Freest - Nonnendorf - Latzow - Konerow - Gustebin - Wusterhusen - Lubmin\n(Reine Fahrzeit ca. 2 Stunden)\" class=\"wp-image-973\"\/><figcaption class=\"wp-element-caption\">Route 25 km<\/figcaption><\/figure>\n","protected":false},"excerpt":{"rendered":"<p>Radwanderweg \u00fcber ca. 25 KilometerLubmin &#8211; Freest &#8211; Nonnendorf &#8211; Latzow &#8211; Konerow &#8211; Gustebin &#8211; Wusterhusen &#8211; Lubmin(Reine Fahrzeit ca. 2 Stunden) Ausgangspunkt Ihrer Radwanderung ist die Kurverwaltung, das Haus des Gastes.Von hier aus fahren Sie geradeaus auf die <a href=\"https:\/\/seebad-lubmin.com\/?page_id=397\" class=\"more-link\">Lies mehr &#8230;<\/a><\/p>\n","protected":false},"author":1,"featured_media":0,"parent":392,"menu_order":0,"comment_status":"closed","ping_status":"closed","template":"","meta":{"_monsterinsights_skip_tracking":false,"_monsterinsights_sitenote_active":false,"_monsterinsights_sitenote_note":"","_monsterinsights_sitenote_category":0,"footnotes":""},"class_list":["post-397","page","type-page","status-publish","hentry"],"_links":{"self":[{"href":"https:\/\/seebad-lubmin.com\/index.php?rest_route=\/wp\/v2\/pages\/397","targetHints":{"allow":["GET"]}}],"collection":[{"href":"https:\/\/seebad-lubmin.com\/index.php?rest_route=\/wp\/v2\/pages"}],"about":[{"href":"https:\/\/seebad-lubmin.com\/index.php?rest_route=\/wp\/v2\/types\/page"}],"author":[{"embeddable":true,"href":"https:\/\/seebad-lubmin.com\/index.php?rest_route=\/wp\/v2\/users\/1"}],"replies":[{"embeddable":true,"href":"https:\/\/seebad-lubmin.com\/index.php?rest_route=%2Fwp%2Fv2%2Fcomments&post=397"}],"version-history":[{"count":5,"href":"https:\/\/seebad-lubmin.com\/index.php?rest_route=\/wp\/v2\/pages\/397\/revisions"}],"predecessor-version":[{"id":1186,"href":"https:\/\/seebad-lubmin.com\/index.php?rest_route=\/wp\/v2\/pages\/397\/revisions\/1186"}],"up":[{"embeddable":true,"href":"https:\/\/seebad-lubmin.com\/index.php?rest_route=\/wp\/v2\/pages\/392"}],"wp:attachment":[{"href":"https:\/\/seebad-lubmin.com\/index.php?rest_route=%2Fwp%2Fv2%2Fmedia&parent=397"}],"curies":[{"name":"wp","href":"https:\/\/api.w.org\/{rel}","templated":true}]}}