{"id":296,"date":"2019-11-19T13:00:09","date_gmt":"2019-11-19T13:00:09","guid":{"rendered":"http:\/\/seebad-lubmin.com\/?page_id=296"},"modified":"2025-08-04T10:32:21","modified_gmt":"2025-08-04T10:32:21","slug":"4-aktivurlaub","status":"publish","type":"page","link":"https:\/\/seebad-lubmin.com\/?page_id=296","title":{"rendered":"4. Aktivurlaub"},"content":{"rendered":"<p><strong>4. Lubmin &#8211; Walking, Kneippen<\/strong><br \/><span class=\"exampleContent\">Au\u00dfer Radfahren gibt es in Lubmin weitere M\u00f6glichkeiten einer sportlichen Bet\u00e4tigung ( Siehe aktueller Veranstaltungsplan ) So entwickelt sich das Walking ( Schnelles Gehen ) und das Kneippen ( Gesundheitsprogramm ) zum besonderen Markenzeichen f\u00fcr das Seebad Lubmin.\u00a0 Tel.: \u00a0038354\/31754<\/span><\/p>\n<p><span class=\"exampleContent\"><strong>4.2 Lubmin \u2013 Radfahren<\/strong><br \/>Ab Lubmin sind sehr sch\u00f6ne Radtouren m\u00f6glich. 3 Tourenvorschl\u00e4ge mit Beschreibung k\u00f6nnen Sie sich ansehen und ausdrucken. Der Ostseek\u00fcstenradweg ( L\u00fcbeck- Ahlbeck ) f\u00fchrt an Lubmin vorbei.<\/span><\/p>\n<p>Tour 1\u00a0\u00a0\u00a0\u00a0 &#8211;\u00a0Beschreibung<br \/>Tour 2\u00a0\u00a0\u00a0\u00a0 &#8211; Beschreibung<br \/>Tour 3\u00a0\u00a0\u00a0\u00a0\u00a0&#8211; Beschreibung<\/p>\n<p><strong>4.3 Lubmin \u2013 Tennis<\/strong><br \/><span class=\"exampleContent\">Die Abteilung Tennis des Lubminer Sportvereins Sturmvogel vermietet \u00fcber die Kurverwaltung Lubmin ihren Platz werktags bis 17 Uhr auch an Urlauber. Tel.: Kurverwaltung 038354\/22011<\/span><\/p>\n<p><strong>4.4\u00a0Lubmin \u2013 Reiten<br \/><\/strong>Auch\u00a0 Reiten ist in der Lubminer Umgebung\u00a0 f\u00fcr\u00a0 Urlauber m\u00f6glich, die \u00f6rtlichen Reitvereine stehen auch den Urlaubern offen.<\/p>\n<p><strong>4.5\u00a0Lubmin \u2013 Freizeitzentrum\u00a0 SCHAWI<br \/><\/strong>Und schlie\u00dflich sei auf das Freizeitzentrum SCHAWI, Freester Stra\u00dfe verwiesen, wo nicht nur Bowling, sondern auch Badminton m\u00f6glich \u00d6ffnungszeiten:<\/p>\n<p><strong>4.6\u00a0\u00a0\u00a0\u00a0\u00a0\u00a0\u00a0\u00a0 Lubmin \u2013 Wassersport<\/strong><br \/>Surfstation Lubmin, Eigenheimsiedlung 23\u00a0\u00a0\u00a0 Tel.:\u00a0 038354\/36163<br \/>Kanuhof Spandowerhagen, Dorfstra\u00dfe 46\u00a0\u00a0\u00a0\u00a0\u00a0 Tel.:\u00a0 038354\/20665<br \/>Windsurfing Freest, Am Hafen\u00a0\u00a0\u00a0\u00a0\u00a0\u00a0\u00a0\u00a0\u00a0\u00a0\u00a0\u00a0\u00a0\u00a0\u00a0\u00a0\u00a0\u00a0\u00a0\u00a0\u00a0\u00a0\u00a0\u00a0\u00a0 Tel.:\u00a0 0160\/96224830<\/p>\n<p><strong>Apollo Reederei<\/strong><br \/>F\u00e4hrbetrieb\u00a0\u00a0\u00a0\u00a0\u00a0\u00a0\u00a0\u00a0\u00a0\u00a0\u00a0 Peenem\u00fcnde\u00a0 &#8211;\u00a0 Freest\u00a0 &#8211; Kr\u00f6slin\u00a0 &#8211;\u00a0 Peenem\u00fcnde<\/p>\n<p>Vorsaison- und Nachsaison : 01.05.\u201330.06.\/ 01.09.-30.04.<br \/>1. Fahrt st\u00fcndlich so weiter bis &#8211;\u00a0 letzte Fahrt<br \/>ab Hafen Peenem\u00fcnde\u00a0\u00a0\u00a0\u00a0\u00a010:00 Uhr\u00a0\u00a0\u00a0\u00a0\u00a0\u00a0\u00a0\u00a0\u00a0\u00a0\u00a0\u00a0\u00a0\u00a0\u00a0\u00a0\u00a0\u00a0\u00a0\u00a0\u00a0\u00a0\u00a0\u00a0\u00a0\u00a0\u00a0\u00a0\u00a0\u00a0\u00a0\u00a0\u00a0\u00a0\u00a0\u00a0\u00a0\u00a0\u00a0\u00a016:00 Uhr<br \/>ab Hafen Freest\u00a0\u00a0\u00a0\u00a0\u00a0\u00a0\u00a0\u00a0\u00a0\u00a0\u00a0\u00a0\u00a0\u00a0\u00a0\u00a0\u00a0 10:20 Uhr\u00a0\u00a0\u00a0\u00a0\u00a0\u00a0\u00a0\u00a0\u00a0\u00a0\u00a0\u00a0\u00a0\u00a0\u00a0\u00a0\u00a0\u00a0\u00a0\u00a0\u00a0\u00a0\u00a0\u00a0\u00a0\u00a0\u00a0\u00a0\u00a0\u00a0\u00a0\u00a0\u00a0\u00a0\u00a0\u00a0\u00a0\u00a0\u00a0\u00a016:20 Uhr<br \/>ab Hafen Kr\u00f6slin\u00a0\u00a0\u00a0\u00a0\u00a0\u00a0\u00a0\u00a0\u00a0\u00a0\u00a0\u00a0\u00a0\u00a0\u00a0\u00a010:40 Uhr\u00a0\u00a0\u00a0\u00a0\u00a0\u00a0\u00a0\u00a0\u00a0\u00a0\u00a0\u00a0\u00a0\u00a0\u00a0\u00a0\u00a0\u00a0\u00a0\u00a0\u00a0\u00a0\u00a0\u00a0\u00a0\u00a0\u00a0\u00a0\u00a0\u00a0\u00a0\u00a0\u00a0\u00a0\u00a0\u00a0\u00a0\u00a0\u00a0 16:40 Uhr<\/p>\n<p>Hauptsaison:\u00a001.07. &#8211;\u00a0 31.08.<\/p>\n<p>1. Fahrt\u00a0 st\u00fcndlich so weiter bis \u2013 letzte Fahrt<br \/>Ab Hafen Peenem\u00fcnde\u00a0\u00a0\u00a0\u00a0\u00a0\u00a0\u00a0\u00a0\u00a010:00 Uhr\u00a0\u00a0\u00a0\u00a0\u00a0\u00a0\u00a0\u00a0\u00a0\u00a0\u00a0\u00a0\u00a0\u00a0\u00a0\u00a0\u00a0\u00a0\u00a0\u00a0\u00a0\u00a0\u00a0\u00a0\u00a0\u00a0\u00a0\u00a0\u00a0\u00a0\u00a0\u00a0\u00a0\u00a0\u00a0\u00a0\u00a0\u00a0\u00a0\u00a018:00 Uhr<br \/>Ab Hafen Freest\u00a0\u00a0\u00a0\u00a0\u00a0\u00a0\u00a0\u00a0\u00a0\u00a0\u00a0\u00a0\u00a0\u00a0\u00a0\u00a0\u00a0\u00a0\u00a0\u00a0\u00a0 10:20 Uhr\u00a0\u00a0\u00a0\u00a0\u00a0\u00a0\u00a0\u00a0\u00a0\u00a0\u00a0\u00a0\u00a0\u00a0\u00a0\u00a0\u00a0\u00a0\u00a0\u00a0\u00a0\u00a0\u00a0\u00a0\u00a0\u00a0\u00a0\u00a0\u00a0\u00a0\u00a0\u00a0\u00a0\u00a0\u00a0\u00a0\u00a0\u00a0\u00a0\u00a018:20 Uhr<br \/>Ab Hafen Kr\u00f6slin\u00a0\u00a0\u00a0\u00a0\u00a0\u00a0\u00a0\u00a0\u00a0\u00a0\u00a0\u00a0\u00a0\u00a0\u00a0\u00a0\u00a0\u00a0\u00a0 10:40 Uhr\u00a0\u00a0\u00a0\u00a0\u00a0\u00a0\u00a0\u00a0\u00a0\u00a0\u00a0\u00a0\u00a0\u00a0\u00a0\u00a0\u00a0\u00a0\u00a0\u00a0\u00a0\u00a0\u00a0\u00a0\u00a0\u00a0\u00a0\u00a0\u00a0\u00a0\u00a0\u00a0\u00a0\u00a0\u00a0\u00a0\u00a0\u00a0\u00a0\u00a018:40 Uhr<\/p>\n<p>Tel.:\u00a0 038371\/20829<\/p>\n<p>Anfragen zu den Inseln Ruden und\u00a0 Greifswalder Oie<\/p>\n<p>\u00fcber das Reiseb\u00fcro Dorina Hiller Tel.: 038354\/31754<\/p>\n<p><strong>Adlerschiffe<\/strong><\/p>\n<p>1.\u00a0 Schifffahrt Peenem\u00fcnde\u00a0 &#8211; Insel R\u00fcgen\u00a0\u00a0\u00a0\u00a0\u00a0\u00a0\u00a0\u00a0 ab 9:00 Uhr\u00a0\u00a0\u00a0 an 18:00 Uhr<\/p>\n<p>In der Hochsaison Juni &#8211; August auch ab Freest jeden Mittwoch &amp; Sonntag<\/p>\n<p>&#8211; Buchung \u00fcber Reiseb\u00fcro Dorina Hiller;\u00a0 Tel.: 038354\/31754<\/p>\n<p>2.\u00a0 Zinnowitz\/ Koserow \/ Heringsdorf \u2013 Swinem\u00fcnde ( Polen)<\/p>\n<p>&#8211; Buchung \u00fcber Reiseb\u00fcro Dorina Hiller;\u00a0 Tel.:038354\/31754<\/p>\n<p>3.\u00a0 Zinnowitz\/ Koserow\/ Heringsdorf \u2013 Mistroy (Polen)<\/p>\n<p>&#8211; Buchung \u00fcber Reiseb\u00fcro Dorina Hiller;\u00a0 Tel.:038354\/31754<\/p>\n<p><strong>Sund- &amp; Boddenreederei Stralsund<br \/><\/strong>Schifffahrt Ludwigsburg\u00a0 &#8211; Greifswald Museeumshafen<br \/>T\u00e4glich au\u00dfer Montag im Zeitraum vom 01.05. &#8211; 30.09.<\/p>\n<p>Bitte 10 Minuten vor Abfahrt auf dem Steg warten, weil das Schiff sonst nicht anlegt.<\/p>\n<p>ab Ludwigsburg &#8211; an Greifswald<br \/>10:40 Uhr\u00a0\u00a0 &#8211; 12:00 Uhr<br \/>13:40 Uhr\u00a0\u00a0 &#8211; 15:00 Uhr<br \/>16:40 Uhr\u00a0\u00a0 &#8211; 18:00 Uhr<\/p>\n<p>ab Greifswald &#8211; an Ludwigsburg<br \/>09:30 Uhr\u00a0\u00a0 &#8211; 10:35 Uhr<br \/>12:30 Uhr\u00a0\u00a0 &#8211; 13:35 Uhr<br \/>15:30 Uhr\u00a0\u00a0 &#8211; 16:35 Uhr<\/p>\n<p>Tel.:\u00a0 Fam. Brauns :\u00a0\u00a0\u00a0\u00a0\u00a0\u00a0\u00a0\u00a0 038354\/36493<br \/>Tel.:\u00a0 Wusterhusen:\u00a0\u00a0\u00a0\u00a0\u00a0\u00a0\u00a0\u00a0 038354\/22806<\/p>\n<p><strong>4.7 Lubmin \u2013 Volleyball &amp; Streetball<\/strong><\/p>\n<p>W\u00e4hrend der Hauptsaison sind Spielfelder f\u00fcr Beach- Volleyball am Strand, in der N\u00e4he der Seebr\u00fccke, eingerichtet. Dort finden auch Tourniere statt. Der \u00f6ffentliche Streetball- Platz befindet sich am Diesterwegplatz. B\u00e4lle k\u00f6nnen in der Kurverwaltung im Sch\u00fcler Cafe ausgeliehen werden.<\/p>\n<p>Tel.:\u00a0 038354\/22011<\/p>\n\n\n<p><\/p>\n\n\n\n<p><strong>4.8         Lubmin &#8211; Wellness<\/strong><br>Durch seine nat\u00fcrlichen Gegebenheiten bietet das Seebad ideale Voraussetzungen f\u00fcr wohltuende Wellness- Erlebnisse. Durch das Baden in schwachsalzhaltigen Meereswasser, das allergenarme Seeklima, das Wandern in der waldreichen Umgebung und die vielen Sonnenstunden k\u00f6nnen Sie ausspannen und Ruhe finden. <br><br>Wellness- und Beautyangebote:&nbsp;&nbsp;&nbsp;&nbsp;&nbsp; <br>Wellnessstudio &#8222;Auszeit&#8220; Alice Wichmann im Hotel am Park,  17509 Lubmin Dipl.- Wellnesstrainerin   <br><br>Angebote:   <br>Kosmetik <br><br>Klassische Massagen      20 &#8211; 50 min.  ab 14,00 &#8211; 34,00 Euro <br>Abhyanga                     &nbsp;&nbsp; 90 min.             54,00 Euro <br>Padabhyanga                &nbsp; 30 min.             18,00 Euro <br>Bernsteinmassage          25 min.             21,00 Euro        <br>R\u00fccken&nbsp;&nbsp;&nbsp;&nbsp;&nbsp;&nbsp;&nbsp;&nbsp;&nbsp;&nbsp;&nbsp;&nbsp;&nbsp;&nbsp;&nbsp;&nbsp;&nbsp;&nbsp;&nbsp;&nbsp;&nbsp;&nbsp;&nbsp;&nbsp;&nbsp;&nbsp;&nbsp;&nbsp;&nbsp;55 min.             39,00 Euro        <br>Ganzk\u00f6rper <br>Edelsteinmassage          20 min.             16,00 Euro         <br>R\u00fccken&nbsp;&nbsp;&nbsp;&nbsp;&nbsp;&nbsp;&nbsp;&nbsp;&nbsp;&nbsp;&nbsp;&nbsp;&nbsp;&nbsp;&nbsp;&nbsp;&nbsp;&nbsp;&nbsp;&nbsp;&nbsp;&nbsp;&nbsp;&nbsp;&nbsp;&nbsp;&nbsp;&nbsp;&nbsp;50 min.             36,00 Euro        Ganzk\u00f6rper <\/p>\n\n\n\n<p>Ohrkerzenzeremonie      30 min.             17,00 Euro Kerzenmassage                                     19,00 Euro        R\u00fcckenmassage <\/p>\n\n\n\n<p>Aroma\u00f6lmassagen                                 16,00 Euro        R\u00fcckenmassage                                                            38,00 Euro         Ganzk\u00f6rpermassage <br><br>Russische Honigmass.&nbsp;&nbsp;&nbsp;&nbsp;&nbsp;&nbsp;&nbsp;&nbsp;&nbsp;&nbsp;&nbsp;&nbsp;&nbsp;&nbsp;&nbsp;&nbsp;&nbsp;&nbsp;&nbsp;30 min.             19,00 Euro <br>Ganzk\u00f6rperpackungen   25 &#8211; 40 min.  ab 15,00 &#8211; 18,00 Euro <br><br>Sauna ab 2 Personen f\u00fcr  2 h.                   9,00 Euro  <br> alle Angaben ohne Gew\u00e4hr <br>\u00d6ffnungszeiten:     Di &#8211; Sa 10:00 &#8211; 18:00 Uhr sp\u00e4tere Termine nach Vereinbarung  <br>Tel.:   038354\/34615 oder 0171 <br><br><\/p>\n","protected":false},"excerpt":{"rendered":"<p>4. Lubmin &#8211; Walking, KneippenAu\u00dfer Radfahren gibt es in Lubmin weitere M\u00f6glichkeiten einer sportlichen Bet\u00e4tigung ( Siehe aktueller Veranstaltungsplan ) So entwickelt sich das Walking ( Schnelles Gehen ) und das Kneippen ( Gesundheitsprogramm ) zum besonderen Markenzeichen f\u00fcr das <a href=\"https:\/\/seebad-lubmin.com\/?page_id=296\" class=\"more-link\">Lies mehr &#8230;<\/a><\/p>\n","protected":false},"author":1,"featured_media":0,"parent":197,"menu_order":0,"comment_status":"closed","ping_status":"closed","template":"","meta":{"_monsterinsights_skip_tracking":false,"_monsterinsights_sitenote_active":false,"_monsterinsights_sitenote_note":"","_monsterinsights_sitenote_category":0,"footnotes":""},"class_list":["post-296","page","type-page","status-publish","hentry"],"_links":{"self":[{"href":"https:\/\/seebad-lubmin.com\/index.php?rest_route=\/wp\/v2\/pages\/296","targetHints":{"allow":["GET"]}}],"collection":[{"href":"https:\/\/seebad-lubmin.com\/index.php?rest_route=\/wp\/v2\/pages"}],"about":[{"href":"https:\/\/seebad-lubmin.com\/index.php?rest_route=\/wp\/v2\/types\/page"}],"author":[{"embeddable":true,"href":"https:\/\/seebad-lubmin.com\/index.php?rest_route=\/wp\/v2\/users\/1"}],"replies":[{"embeddable":true,"href":"https:\/\/seebad-lubmin.com\/index.php?rest_route=%2Fwp%2Fv2%2Fcomments&post=296"}],"version-history":[{"count":19,"href":"https:\/\/seebad-lubmin.com\/index.php?rest_route=\/wp\/v2\/pages\/296\/revisions"}],"predecessor-version":[{"id":1196,"href":"https:\/\/seebad-lubmin.com\/index.php?rest_route=\/wp\/v2\/pages\/296\/revisions\/1196"}],"up":[{"embeddable":true,"href":"https:\/\/seebad-lubmin.com\/index.php?rest_route=\/wp\/v2\/pages\/197"}],"wp:attachment":[{"href":"https:\/\/seebad-lubmin.com\/index.php?rest_route=%2Fwp%2Fv2%2Fmedia&parent=296"}],"curies":[{"name":"wp","href":"https:\/\/api.w.org\/{rel}","templated":true}]}}