{"id":292,"date":"2019-11-19T12:01:20","date_gmt":"2019-11-19T12:01:20","guid":{"rendered":"http:\/\/seebad-lubmin.com\/?page_id=292"},"modified":"2019-11-19T12:07:58","modified_gmt":"2019-11-19T12:07:58","slug":"3-kunst-offen","status":"publish","type":"page","link":"https:\/\/seebad-lubmin.com\/?page_id=292","title":{"rendered":"3. Kunst offen"},"content":{"rendered":"<p><strong>3.1&nbsp;&nbsp;&nbsp;&nbsp;&nbsp;&nbsp;&nbsp;&nbsp;&nbsp; Lubmin \u2013 \u201eKunst offen\u201c<\/strong><\/p>\n<p>Aktion \u201e Kunst offen\u201c Vernissage zu Pfingsten \u2013 bietet allen G\u00e4sten die M\u00f6glichkeit, Kunst und Kunsthandwerk am Ort ihres Entstehens zu erleben. Regelm\u00e4\u00dfige Ausstellungen des Lubminer K\u00fcnstler- Stammtisches und der K\u00fcnstlergilde finden im Seebadzentrum Lubmin, Freester- Stra\u00dfe 8 statt.<br \/>\nSelbstst\u00e4ndiges Gestalten und Basteln f\u00fcr Kinder und Erwachsene ist in der Kreativwerkstatt, D\u00fcnenstra\u00dfe 59, m\u00f6glich.&nbsp;&nbsp;&nbsp; Tel.:&nbsp; 03835\/31700<\/p>\n<p><strong>3.2&nbsp;&nbsp;&nbsp;&nbsp;&nbsp;&nbsp;&nbsp;&nbsp; Lubmin&nbsp; Heimvolkshochschule&nbsp;&nbsp;&nbsp;&nbsp;<\/strong><\/p>\n<p>In der Heimvolkshochschule Lubmin (Richtung Teufelstein) k\u00f6nnen Sie sich selber im kunsthandwerklichen Geschick testen. Regelm\u00e4\u00dfig finden, insbesondere an den Wochenenden, Tageskurse der kreativen Freizeitgestaltung statt. Besonders beliebt sind Tiffany ( Glasmosaik ) und Specksteinarbeiten, aber auch Weben oder Patchen u.v.m. sind m\u00f6glich.&nbsp; Tel.:&nbsp;038354\/22215<\/p>\n<p><strong>3.3&nbsp;&nbsp;&nbsp;&nbsp;&nbsp;&nbsp;&nbsp;&nbsp;&nbsp; Katzow \u2013 Skulpturenpark<\/strong><\/p>\n<p>Auf einem 14 Ha gro\u00dfen Wiesengel\u00e4nde an der Stra\u00dfe nach Wolgast stehen etwa 60 Gro\u00dfskulpturen aus Stahl, Holz oder Beton. Sie entstehen w\u00e4hrend der im September stattfindenden&nbsp; Bildhauersymposien. In der \u201e Kunst- und Kulturscheune\u201c, einer originalgetreu&nbsp; wieder aufgebauten Gutsscheune, werden Kunstausstellungen organisiert.<br \/>\n\u00d6ffnungszeiten:&nbsp; Park: ganzj\u00e4hrig&nbsp;&nbsp;&nbsp;&nbsp; Kunstscheune :&nbsp; t\u00e4gl. 10-18 Uhr&nbsp;&nbsp; Tel.:&nbsp; 038373\/20444<\/p>\n<p><strong>3.4&nbsp;&nbsp;&nbsp;&nbsp;&nbsp;&nbsp;&nbsp;&nbsp; Kunsthandwerk \u2013 Relzow&nbsp;&nbsp;&nbsp;&nbsp;&nbsp; Pommernkeramik<\/strong><\/p>\n<p>Unmittelbar an der B 110 nach Usedom befindet sich in Relzow eine Schauwerkstatt, die die Pommernkeramik wieder beleben will. Das wei\u00dfglasierte Geschirr&nbsp; zieren nach historischem Vorbild blaue und t\u00fcrkisfarbene Wellenb\u00e4nder.<br \/>\n\u00d6ffnungszeiten:&nbsp; Mo- Fr&nbsp; 7-16 Uhr,&nbsp;&nbsp; Fr. bis 13 Uhr&nbsp;&nbsp; Tel.: 03971\/242830<\/p>\n<p><strong>3.5.&nbsp;&nbsp;&nbsp;&nbsp;&nbsp;&nbsp;&nbsp; Wrangelsburg&nbsp; &#8211; Papiermanufaktur<\/strong><\/p>\n<p>In die Geheimnisse der Papierherstellung aus Baumwolle, Hanf, Mais oder Brennnesseln weiht die Papiermanufaktur am Schloss Wrangelsburg ein. Der Tr\u00e4gerverein bietet&nbsp; auch Schnupperkurse im Papiersch\u00f6pfen oder Filzerei&nbsp; an. Der 1750 angelegte Landschaftspark am Herrenhaus l\u00e4dt zu einem Spaziergang ein. Ein Besuch im\u00d6ffnungszeiten:&nbsp; Mo- Fr&nbsp;&nbsp; 10-16 Uhr, Sa u. So 10-17 Uhr&nbsp;&nbsp;&nbsp; Tel.:&nbsp; 038355\/71780 oder 61206<\/p>\n","protected":false},"excerpt":{"rendered":"<p>3.1&nbsp;&nbsp;&nbsp;&nbsp;&nbsp;&nbsp;&nbsp;&nbsp;&nbsp; Lubmin \u2013 \u201eKunst offen\u201c Aktion \u201e Kunst offen\u201c Vernissage zu Pfingsten \u2013 bietet allen G\u00e4sten die M\u00f6glichkeit, Kunst und Kunsthandwerk am Ort ihres Entstehens zu erleben. Regelm\u00e4\u00dfige Ausstellungen des Lubminer K\u00fcnstler- Stammtisches und der K\u00fcnstlergilde finden im Seebadzentrum Lubmin, <a href=\"https:\/\/seebad-lubmin.com\/?page_id=292\" class=\"more-link\">Lies mehr &#8230;<\/a><\/p>\n","protected":false},"author":1,"featured_media":0,"parent":197,"menu_order":0,"comment_status":"closed","ping_status":"closed","template":"","meta":{"_monsterinsights_skip_tracking":false,"_monsterinsights_sitenote_active":false,"_monsterinsights_sitenote_note":"","_monsterinsights_sitenote_category":0,"footnotes":""},"class_list":["post-292","page","type-page","status-publish","hentry"],"_links":{"self":[{"href":"https:\/\/seebad-lubmin.com\/index.php?rest_route=\/wp\/v2\/pages\/292","targetHints":{"allow":["GET"]}}],"collection":[{"href":"https:\/\/seebad-lubmin.com\/index.php?rest_route=\/wp\/v2\/pages"}],"about":[{"href":"https:\/\/seebad-lubmin.com\/index.php?rest_route=\/wp\/v2\/types\/page"}],"author":[{"embeddable":true,"href":"https:\/\/seebad-lubmin.com\/index.php?rest_route=\/wp\/v2\/users\/1"}],"replies":[{"embeddable":true,"href":"https:\/\/seebad-lubmin.com\/index.php?rest_route=%2Fwp%2Fv2%2Fcomments&post=292"}],"version-history":[{"count":2,"href":"https:\/\/seebad-lubmin.com\/index.php?rest_route=\/wp\/v2\/pages\/292\/revisions"}],"predecessor-version":[{"id":294,"href":"https:\/\/seebad-lubmin.com\/index.php?rest_route=\/wp\/v2\/pages\/292\/revisions\/294"}],"up":[{"embeddable":true,"href":"https:\/\/seebad-lubmin.com\/index.php?rest_route=\/wp\/v2\/pages\/197"}],"wp:attachment":[{"href":"https:\/\/seebad-lubmin.com\/index.php?rest_route=%2Fwp%2Fv2%2Fmedia&parent=292"}],"curies":[{"name":"wp","href":"https:\/\/api.w.org\/{rel}","templated":true}]}}