{"id":276,"date":"2019-10-17T08:55:30","date_gmt":"2019-10-17T08:55:30","guid":{"rendered":"http:\/\/seebad-lubmin.com\/?page_id=276"},"modified":"2021-10-21T11:36:39","modified_gmt":"2021-10-21T11:36:39","slug":"reiseinformationen","status":"publish","type":"page","link":"https:\/\/seebad-lubmin.com\/?page_id=276","title":{"rendered":"Reiseinformationen"},"content":{"rendered":"\n<p><strong>Von Westen kommend (Hamburg)<\/strong><br>Sie benutzen die Autobahn (A 1- A20), A 20 bis Abfahrt G\u00fctzkow (27)<br><\/p>\n\n\n\n<p><strong>Von S\u00fcden kommend (Berlin)<\/strong> <br>Sie benutzen die Autobahn (A 11 &#8211; A20), bis Abfahrt G\u00fctzkow (27) Die Route k\u00f6nnen Sie sich rechts im Routenplaner ansehen und ausdrucken.<br><br><br>Hier k\u00f6nnen Sie die passende Bahnverbindung nach Greifswald buchen. Greifswald ist der n\u00e4chste Ort um Lubmin zu erreichen, dann m\u00fcssen Sie den Bus nach Lubmin Linie 518 oder 517 benutzen. Die Busverbindungen finden Sie unter Urlaub- Service\/ Busplan. <\/p>\n\n\n\n<p><strong>Br\u00fccken\u00f6ffnungszeiten Wolgaster Br\u00fccke<\/strong><\/p>\n\n\n\n<p>Angaben ohne Gew\u00e4hr, die Br\u00fccken\u00f6ffnungszeiten k\u00f6nnen sich jederzeit \u00e4ndern!<\/p>\n\n\n\n<p>g\u00fcltig bis Ende Oktober<\/p>\n\n\n\n<p>05:45 Uhr &#8211; 06:00 Uhr<br>07:45 Uhr &#8211; 08:00 Uhr<br>12:45 Uhr &#8211; 13:00 Uhr<br>17:45 Uhr &#8211; 17:00 Uhr<br>20:45 Uhr &#8211; 21:00 Uhr<\/p>\n\n\n\n<p>g\u00fcltig ab November bis auf Widerruf<\/p>\n\n\n\n<p>05:45 Uhr &#8211; 06:00 Uhr<br>08:45 Uhr &#8211; 09:00 Uhr<br>12:45 Uhr &#8211; 13:00 Uhr<br>17:45 Uhr &#8211; 18:00 Uhr<br>20:45 Uhr &#8211; 21:00 Uhr<\/p>\n\n\n\n<p>N\u00e4here Informationen zur Bedarfs\u00f6ffnung erhalten Sie unter 0381\/20671844.<\/p>\n\n\n\n<p><strong>Br\u00fccken\u00f6f<\/strong>f<strong>nungszeiten Zecheriner Br\u00fccke<\/strong><\/p>\n\n\n\n<p>Angaben ohne Gew\u00e4hr, die Br\u00fccken\u00f6ffnungszeiten k\u00f6nnen sich jederzeit \u00e4ndern!<\/p>\n\n\n\n<p>November bis M\u00e4rz gibt es Einschr\u00e4nkungen!<\/p>\n\n\n\n<p>05:45 Uhr &#8211; 06:00 Uhr<br>09:40 Uhr &#8211; 09:55 Uhr<br>11:45 Uhr &#8211; 12:00 Uhr<br>16:45 Uhr &#8211; 17:00 Uhr<br>20:45 Uhr &#8211; 21:00 Uhr<\/p>\n\n\n\n<p>N\u00e4here Informationen erhalten Sie unter Telefon 038372\/ 70838 oder 0175\/5773609.<br><\/p>\n\n\n\n<p><strong>Autof\u00e4hre Stahlbrode &#8211; Glewitz<\/strong> (<strong>R\u00fcgen<\/strong>)<\/p>\n\n\n\n<p>Die F\u00e4hren fahren im Pendelverkehr zwischen Stahlbrode und Glewitz<br>alle 20- 30 Minuten.<\/p>\n\n\n\n<p>Fr\u00fchjahr: 13.04. &#8211; 30.04.<br>t\u00e4glich von 06:00 &#8211; 20:10 Uhr<\/p>\n\n\n\n<p>Sommer: 01.05. &#8211; 31.08.<br>t\u00e4glich von 06:00 &#8211; 21:40 Uhr<\/p>\n\n\n\n<p>Herbst:&nbsp;01.09. &#8211; 23.10.<br>t\u00e4glich von 06:00 &#8211; 20:10 Uhr<\/p>\n\n\n\n<p><strong>\u00dcber Winter nicht in Betrieb<\/strong><\/p>\n\n\n\n<p><\/p>\n","protected":false},"excerpt":{"rendered":"<p>Von Westen kommend (Hamburg)Sie benutzen die Autobahn (A 1- A20), A 20 bis Abfahrt G\u00fctzkow (27) Von S\u00fcden kommend (Berlin) Sie benutzen die Autobahn (A 11 &#8211; A20), bis Abfahrt G\u00fctzkow (27) Die Route k\u00f6nnen Sie sich rechts im Routenplaner <a href=\"https:\/\/seebad-lubmin.com\/?page_id=276\" class=\"more-link\">Lies mehr &#8230;<\/a><\/p>\n","protected":false},"author":1,"featured_media":574,"parent":197,"menu_order":0,"comment_status":"closed","ping_status":"closed","template":"","meta":{"_monsterinsights_skip_tracking":false,"_monsterinsights_sitenote_active":false,"_monsterinsights_sitenote_note":"","_monsterinsights_sitenote_category":0,"footnotes":""},"class_list":["post-276","page","type-page","status-publish","has-post-thumbnail","hentry"],"_links":{"self":[{"href":"https:\/\/seebad-lubmin.com\/index.php?rest_route=\/wp\/v2\/pages\/276","targetHints":{"allow":["GET"]}}],"collection":[{"href":"https:\/\/seebad-lubmin.com\/index.php?rest_route=\/wp\/v2\/pages"}],"about":[{"href":"https:\/\/seebad-lubmin.com\/index.php?rest_route=\/wp\/v2\/types\/page"}],"author":[{"embeddable":true,"href":"https:\/\/seebad-lubmin.com\/index.php?rest_route=\/wp\/v2\/users\/1"}],"replies":[{"embeddable":true,"href":"https:\/\/seebad-lubmin.com\/index.php?rest_route=%2Fwp%2Fv2%2Fcomments&post=276"}],"version-history":[{"count":7,"href":"https:\/\/seebad-lubmin.com\/index.php?rest_route=\/wp\/v2\/pages\/276\/revisions"}],"predecessor-version":[{"id":940,"href":"https:\/\/seebad-lubmin.com\/index.php?rest_route=\/wp\/v2\/pages\/276\/revisions\/940"}],"up":[{"embeddable":true,"href":"https:\/\/seebad-lubmin.com\/index.php?rest_route=\/wp\/v2\/pages\/197"}],"wp:featuredmedia":[{"embeddable":true,"href":"https:\/\/seebad-lubmin.com\/index.php?rest_route=\/wp\/v2\/media\/574"}],"wp:attachment":[{"href":"https:\/\/seebad-lubmin.com\/index.php?rest_route=%2Fwp%2Fv2%2Fmedia&parent=276"}],"curies":[{"name":"wp","href":"https:\/\/api.w.org\/{rel}","templated":true}]}}