{"id":263,"date":"2019-07-23T11:04:40","date_gmt":"2019-07-23T11:04:40","guid":{"rendered":"http:\/\/seebad-lubmin.com\/?page_id=263"},"modified":"2019-07-23T11:09:21","modified_gmt":"2019-07-23T11:09:21","slug":"urlaubscheckliste","status":"publish","type":"page","link":"https:\/\/seebad-lubmin.com\/?page_id=263","title":{"rendered":"Urlaubscheckliste"},"content":{"rendered":"<h4>Checkliste f\u00fcr einen guten Urlaub<\/h4>\n<p><!--  Image block: [begin] --><\/p>\n<div class=\"csc-textpic-text\">\n<div class=\"bodytext\">\n<div><strong>Immer wichtig<\/strong><\/div>\n<ul>\n<li>Reiseunterlagen<\/li>\n<li>Reiseunterlagen abholen und pr\u00fcfen, einschl. Reiseversicherungsschein<\/li>\n<li>Einreisebestimmungen pr\u00fcfen<\/li>\n<li>G\u00fcltigkeit der Ausweise pr\u00fcfen, ggf. Visa beantragen<\/li>\n<li>Wichtige Ausweise kopieren<\/li>\n<li>Pflege f\u00fcr Pflanzen und Tiere organisieren<\/li>\n<li>Entleerung des Postkastens organisieren, ggf. Nachsendeauftrag beantragen oder Zeitung abbestellen<\/li>\n<li>Urlaubsanschrift bei Freunden oder Verwandten hinterlegen<\/li>\n<li>Geld, Schecks und Kreditkarten einpacken<\/li>\n<\/ul>\n<div>\n<strong>F\u00fcr Autofahrer<\/strong><\/div>\n<ul>\n<li>Fahrzeugpapiere und F\u00fchrerschein einpacken<\/li>\n<li>Aktuelle Stra\u00dfenkarten und Anfahrtsbeschreibung<\/li>\n<li>Ersatzautoschl\u00fcssel<\/li>\n<\/ul>\n<div>\n<strong>Gesundheit<\/strong><\/div>\n<ul>\n<li>Reiseapotheke packen<\/li>\n<li>Wichtige eigene Medikamente einpacken<\/li>\n<li>Notfallausweis (Blutgruppe, Impfungen, Allergien) besorgen<\/li>\n<li>Krankenversicherungskarte, Auslandskrankenschein bzw. Krankenversicherung einpacken<\/li>\n<li>Ersatz- und Sonnenbrille bzw. Kontaktlinsen einpacken<\/li>\n<li>Sonnenschutz und After-Sun-Pflege<\/li>\n<li>Insektenschutz<\/li>\n<\/ul>\n<div>\n<strong>F\u00fcr Camper<\/strong><\/div>\n<ul>\n<li>Zelt und Zubeh\u00f6r<\/li>\n<li>Luftmatratze, Schlafsack und Isomatte, evtl. Kissen<\/li>\n<li>Campinggeschirr und -besteck<\/li>\n<li>Gaskocher und Feueranz\u00fcnder<\/li>\n<li>Konserven<\/li>\n<li>K\u00fchltasche<\/li>\n<li>Taschenlampe<\/li>\n<\/ul>\n<div>\n<strong>F\u00fcr Urlaub im Ferienhaus<\/strong><\/div>\n<ul>\n<li>Bettw\u00e4sche<\/li>\n<li>Geschirr-Reinigungsmittel und Geschirrt\u00fccher<\/li>\n<li>Konserven<\/li>\n<\/ul>\n<div>\n<strong>F\u00fcr die Pflege<\/strong><\/div>\n<ul>\n<li>Kulturbeutel<\/li>\n<li>Handt\u00fccher und Badetuch<\/li>\n<li>Seife, Duschgel und Hautcreme<\/li>\n<li>Shampoo, B\u00fcrste, Kamm und F\u00f6n<\/li>\n<li>Zahnb\u00fcrste und Zahnpasta<\/li>\n<li>Deo und Kosmetik<\/li>\n<li>Rasierzeug<\/li>\n<li>Spiegel<\/li>\n<li>Binden und Tampons, ggf.<\/li>\n<li>Toilettenpapier<\/li>\n<li>Taschent\u00fccher<\/li>\n<\/ul>\n<div><strong>Kleidung<\/strong><\/div>\n<ul>\n<li>Unterw\u00e4sche, Str\u00fcmpfe und Socken<\/li>\n<li>Pullover, T-Shirt, Jacke, lange und kurze Hose, Kleid bzw. Rock<\/li>\n<li>Sandaletten und feste Schuhe<\/li>\n<li>Sportklamotten und Turnschuhe<\/li>\n<li>Badesachen und Badelatschen<\/li>\n<li>Schlafzeug<\/li>\n<\/ul>\n<div>&nbsp;<strong>F\u00fcr die Freizeit<\/strong><\/div>\n<ul>\n<li>Ball, Federballspiel, Frisbeescheibe, Tischtennis- und Tennisschl\u00e4ger usw.<\/li>\n<li>B\u00fccher und Zeitschriften<\/li>\n<li>Discman, Walkman und Gameboy<\/li>\n<li>Karten- und Gesellschaftsspiele<\/li>\n<li>Spielzeug f\u00fcr den Strand<\/li>\n<li>Schwimmhilfen f\u00fcr Kinder<\/li>\n<\/ul>\n<div>&nbsp;<strong>Immer n\u00fctzlich<\/strong><\/div>\n<ul>\n<li>Regencape oder -jacke und Regenschirm<\/li>\n<li>N\u00e4hzeug<\/li>\n<li>Schuhputzzeug<\/li>\n<li>Nageletui<\/li>\n<li>Schreibzeug<\/li>\n<li>Taschenmesser<\/li>\n<li>Reisewaschmittel, Leine und W\u00e4scheklammern<\/li>\n<\/ul>\n<div><strong>In die Reiseapotheke geh\u00f6ren<\/strong><\/div>\n<ul>\n<li>Pflaster<\/li>\n<li>Mull- und elastische Binden<\/li>\n<li>Fieberthermometer<\/li>\n<li>Schmerztabletten<\/li>\n<li>Medikamente gegen Durchfall, Verstopfung und Reisekrankheit<\/li>\n<li>Sonnenschutz und Creme gegen Sonnenbrand<\/li>\n<li>Wundsalbe<\/li>\n<li>Insektenschutz und Mittel gegen Juckreiz<\/li>\n<\/ul>\n<div><strong>und eigene wichtige Medikamente, zum Beispiel<\/strong><\/div>\n<ul>\n<li>Messger\u00e4t und Spritzen f\u00fcr Diabetiker<\/li>\n<li>Tabletten und Spray f\u00fcr Allergiker<\/li>\n<li>Salben f\u00fcr Ekzemkranke<\/li>\n<li>Pille und Kondome<\/li>\n<\/ul>\n<\/div>\n<\/div>\n<p><!--  Image block: [end] --><!--  CONTENT ELEMENT, uid:16494\/textpic [end] --><!--###middle### end --><\/p>\n","protected":false},"excerpt":{"rendered":"<p>Checkliste f\u00fcr einen guten Urlaub Immer wichtig Reiseunterlagen Reiseunterlagen abholen und pr\u00fcfen, einschl. Reiseversicherungsschein Einreisebestimmungen pr\u00fcfen G\u00fcltigkeit der Ausweise pr\u00fcfen, ggf. Visa beantragen Wichtige Ausweise kopieren Pflege f\u00fcr Pflanzen und Tiere organisieren Entleerung des Postkastens organisieren, ggf. Nachsendeauftrag beantragen oder <a href=\"https:\/\/seebad-lubmin.com\/?page_id=263\" class=\"more-link\">Lies mehr &#8230;<\/a><\/p>\n","protected":false},"author":1,"featured_media":0,"parent":188,"menu_order":0,"comment_status":"closed","ping_status":"closed","template":"","meta":{"_monsterinsights_skip_tracking":false,"_monsterinsights_sitenote_active":false,"_monsterinsights_sitenote_note":"","_monsterinsights_sitenote_category":0,"footnotes":""},"class_list":["post-263","page","type-page","status-publish","hentry"],"_links":{"self":[{"href":"https:\/\/seebad-lubmin.com\/index.php?rest_route=\/wp\/v2\/pages\/263","targetHints":{"allow":["GET"]}}],"collection":[{"href":"https:\/\/seebad-lubmin.com\/index.php?rest_route=\/wp\/v2\/pages"}],"about":[{"href":"https:\/\/seebad-lubmin.com\/index.php?rest_route=\/wp\/v2\/types\/page"}],"author":[{"embeddable":true,"href":"https:\/\/seebad-lubmin.com\/index.php?rest_route=\/wp\/v2\/users\/1"}],"replies":[{"embeddable":true,"href":"https:\/\/seebad-lubmin.com\/index.php?rest_route=%2Fwp%2Fv2%2Fcomments&post=263"}],"version-history":[{"count":2,"href":"https:\/\/seebad-lubmin.com\/index.php?rest_route=\/wp\/v2\/pages\/263\/revisions"}],"predecessor-version":[{"id":265,"href":"https:\/\/seebad-lubmin.com\/index.php?rest_route=\/wp\/v2\/pages\/263\/revisions\/265"}],"up":[{"embeddable":true,"href":"https:\/\/seebad-lubmin.com\/index.php?rest_route=\/wp\/v2\/pages\/188"}],"wp:attachment":[{"href":"https:\/\/seebad-lubmin.com\/index.php?rest_route=%2Fwp%2Fv2%2Fmedia&parent=263"}],"curies":[{"name":"wp","href":"https:\/\/api.w.org\/{rel}","templated":true}]}}