{"id":248,"date":"2019-07-23T10:37:37","date_gmt":"2019-07-23T10:37:37","guid":{"rendered":"http:\/\/seebad-lubmin.com\/?page_id=248"},"modified":"2025-08-04T09:00:14","modified_gmt":"2025-08-04T09:00:14","slug":"kurtaxe","status":"publish","type":"page","link":"https:\/\/seebad-lubmin.com\/?page_id=248","title":{"rendered":"Kurtaxe"},"content":{"rendered":"<div class=\"csc-textpic-text\">\n<div class=\"bodytext\">\n<div>Durch das Seebad Lubmin wird eine Kurabgabe laut g\u00fcltiger Satzung erhoben. Die Kurabgabe ist ganzj\u00e4hrig nach Anzahl der Aufenthaltstage zu zahlen.<\/p>\n<\/div>\n<div>1. Die Kurabgabe betr\u00e4gt bei Kurabgabepflichtigen:<\/p>\n<\/div>\n<div><\/div>\n<div>&#8211; im Erhebungsgebiet eine Unterkunft nehmen<\/p>\n<\/div>\n<div>a) 1.Mai &#8211; 30. September eines Jahres<\/div>\n<div>f\u00fcr jede Person \u00fcber 18 Jahre 1,50 \u20ac Netto 1,60 \u20ac Brutto<\/div>\n<div>f\u00fcr jedes Kind von 6 &#8211; 18 Jahre 0,75 \u20ac Netto 0,80 \u20ac Brutto<\/div>\n<div>b) 1. Oktober &#8211; 31. Dezember und 1.Januar &#8211; 30.April eines Jahres<\/div>\n<div>f\u00fcr jede Person \u00fcber 18 Jahre 0,84 \u20ac Netto 0,90 \u20ac Brutto<\/div>\n<div>f\u00fcr jedes Kind von 6 &#8211; 18 Jahre 0,47 \u20ac Netto 0,50 \u20ac Brutto<\/p>\n<\/div>\n<div><\/div>\n<div>&#8211; im Erhebungsgebiet keine Unterkunft nehmen<\/p>\n<\/div>\n<div>a) 1.Mai &#8211; 30. September eines Jahres<\/div>\n<div>f\u00fcr jede Person \u00fcber 18 Jahre 1,59 \u20ac Netto 1,70 \u20ac Brutto<\/div>\n<div>f\u00fcr jedes Kind von 6 &#8211; 18 Jahre 0,79 \u20ac Netto 0,85 \u20ac Brutto<\/div>\n<div>b) 1. Oktober &#8211; 31. Dezember und 1. Januar &#8211; 30. April eines Jahres wird keine<\/div>\n<div>Kurabgabe erhoben<\/p>\n<\/div>\n<div><\/div>\n<div>2. Die Jahreskurabgabe betr\u00e4gt im Erhebungsgebiet<\/p>\n<\/div>\n<div><\/div>\n<div>a) f\u00fcr jede Person \u00fcber 18 Jahre 42,05 \u20ac Netto 45,00 \u20ac Brutto<\/div>\n<div>f\u00fcr jedes Kind von 6 &#8211; 18 Jahre 21,02 \u20ac Netto 22,50 \u20ac Brutto<\/div>\n<div><\/div>\n<div>Bei der Berechnung der Kurabgabe gelten An- und Abreisetag zusammen als ein Tag<\/p>\n<\/div>\n<div><\/div>\n<div>3. Erm\u00e4\u00dfigungen<\/p>\n<\/div>\n<div>a) Die Kurabgabe wird f\u00fcr h\u00f6chstens 28 Tage im Jahr pro Gast erhoben. Dies gilt auch<\/div>\n<div>bei mehreren Aufenthalten.<\/p>\n<\/div>\n<div><\/div>\n<div>b) Personen in beh\u00f6rdlich anerkannten gemeinn\u00fctzigen (sozialen) Einrichtungen, z.B.<\/div>\n<div>Heimvolkshochschule oder Gartensparte zahlen f\u00fcr die Kurabgabe 0,30 \u20ac pro Tag in<\/div>\n<div>der Zeit vom 1.Mai &#8211; 30. September des Jahres.<\/p>\n<\/div>\n<div><\/div>\n<div>c) Schwerbesch\u00e4digte, die eine Behinderung von 70 % und mehr nachweisen, zahlen<\/div>\n<div>eine erm\u00e4\u00dfigte Kurabgabe in H\u00f6he von 0,80 \u20ac Brutto vom 1. Mai &#8211; 30. September<\/div>\n<div>eines Jahres sowie in H\u00f6he von 0,50 \u20ac Brutto vom 1. Oktober &#8211; 31. Dezember und<\/div>\n<div>1. Januar &#8211; 30. April eines Jahres<\/p>\n<\/div>\n<div><\/div>\n<div>d) Alters-, Invalidenrentner, Sch\u00fcler, Lehrlinge, Studenten und Arbeitslose zahlen eine<\/div>\n<div>erm\u00e4\u00dfigte Kurabgabe in H\u00f6he von 0,80 \u20ac Brutto vom 1. Mai &#8211; 30. September eines<\/div>\n<div>Jahres sowie in H\u00f6he von 0,50 \u20ac Brutto vom 1. Oktober &#8211; 31. Dezember und 1.<\/div>\n<div>Januar &#8211; 30. April eines jahres gegen Vorlage eines geeigneten Nachweises.<\/p>\n<\/div>\n<\/div>\n<\/div>\n<p><!--  Image block: [end] --><!--  CONTENT ELEMENT, uid:16606\/textpic [end] --><!--###middle### end --><\/p>\n","protected":false},"excerpt":{"rendered":"<p>Durch das Seebad Lubmin wird eine Kurabgabe laut g\u00fcltiger Satzung erhoben. Die Kurabgabe ist ganzj\u00e4hrig nach Anzahl der Aufenthaltstage zu zahlen. 1. Die Kurabgabe betr\u00e4gt bei Kurabgabepflichtigen: &#8211; im Erhebungsgebiet eine Unterkunft nehmen a) 1.Mai &#8211; 30. September eines Jahres <a href=\"https:\/\/seebad-lubmin.com\/?page_id=248\" class=\"more-link\">Lies mehr &#8230;<\/a><\/p>\n","protected":false},"author":1,"featured_media":0,"parent":188,"menu_order":0,"comment_status":"closed","ping_status":"closed","template":"","meta":{"_monsterinsights_skip_tracking":false,"_monsterinsights_sitenote_active":false,"_monsterinsights_sitenote_note":"","_monsterinsights_sitenote_category":0,"footnotes":""},"class_list":["post-248","page","type-page","status-publish","hentry"],"_links":{"self":[{"href":"https:\/\/seebad-lubmin.com\/index.php?rest_route=\/wp\/v2\/pages\/248","targetHints":{"allow":["GET"]}}],"collection":[{"href":"https:\/\/seebad-lubmin.com\/index.php?rest_route=\/wp\/v2\/pages"}],"about":[{"href":"https:\/\/seebad-lubmin.com\/index.php?rest_route=\/wp\/v2\/types\/page"}],"author":[{"embeddable":true,"href":"https:\/\/seebad-lubmin.com\/index.php?rest_route=\/wp\/v2\/users\/1"}],"replies":[{"embeddable":true,"href":"https:\/\/seebad-lubmin.com\/index.php?rest_route=%2Fwp%2Fv2%2Fcomments&post=248"}],"version-history":[{"count":6,"href":"https:\/\/seebad-lubmin.com\/index.php?rest_route=\/wp\/v2\/pages\/248\/revisions"}],"predecessor-version":[{"id":550,"href":"https:\/\/seebad-lubmin.com\/index.php?rest_route=\/wp\/v2\/pages\/248\/revisions\/550"}],"up":[{"embeddable":true,"href":"https:\/\/seebad-lubmin.com\/index.php?rest_route=\/wp\/v2\/pages\/188"}],"wp:attachment":[{"href":"https:\/\/seebad-lubmin.com\/index.php?rest_route=%2Fwp%2Fv2%2Fmedia&parent=248"}],"curies":[{"name":"wp","href":"https:\/\/api.w.org\/{rel}","templated":true}]}}