{"id":245,"date":"2019-07-23T10:28:29","date_gmt":"2019-07-23T10:28:29","guid":{"rendered":"http:\/\/seebad-lubmin.com\/?page_id=245"},"modified":"2019-11-21T12:27:58","modified_gmt":"2019-11-21T12:27:58","slug":"2-kunstspektakel","status":"publish","type":"page","link":"https:\/\/seebad-lubmin.com\/?page_id=245","title":{"rendered":"2. Kunstspektakel"},"content":{"rendered":"<div id=\"content\">\n<h4>2.1 Ralswiek \u2013 St\u00f6rtebeker Festspiele<\/h4>\n<p><!--  Image block: [begin] --><\/p>\n<div class=\"csc-textpic-text\">\n<div class=\"bodytext\">\n<div>Die St\u00f6rtebeker Festspiele sind die \u00e4ltesten gr\u00f6\u00dften Kultur Events. 9000 Besucher pro Veranstaltung vertr\u00e4gt die Naturb\u00fchne am Jasmunder Bodden. (Insel R\u00fcgen)<\/div>\n<div>Deshalb sollte man rechtzeitig Pl\u00e4tze reservieren.<br \/>\nVorf\u00fchrungen:&nbsp; Juni- Sept.&nbsp;&nbsp;&nbsp;&nbsp;&nbsp; Karten im Reiseb\u00fcro Tel.: 038354\/ 31754<\/div>\n<\/div>\n<\/div>\n<p><!--  Image block: [end] --><!--  CONTENT ELEMENT, uid:16509\/textpic [end] --><!--  CONTENT ELEMENT, uid:16510\/textpic [begin] --><a id=\"c16510\"><\/a><\/p>\n<h4>2.2 Zinnowitz \u2013 Vineta \u2013 Festspiele<\/h4>\n<p><!--  Image block: [begin] --><\/p>\n<div class=\"csc-textpic-text\">\n<div class=\"bodytext\">\n<div>Die Vineta Festspiele zeigen jedes Jahr&nbsp; auf der Ostseeb\u00fchne in Zinnowitz einen Teil der Vineta Trilogie. Jedes St\u00fcck ist in sich geschlossen. In Vineta haben die Waxe die Herrschaft an sich gerissen. Aber die sieben Aufrechten um Ritter Carion und Hexe Claribella nehmen den Kampf mit den Fabelwesen auf.<br \/>\nVorf\u00fchrungen:&nbsp;&nbsp; Juni- Aug.&nbsp;&nbsp;Di, Do u. Sa jeweils 20.00 Uhr&nbsp;&nbsp;&nbsp; Karten im Reiseb\u00fcro Tel.: 038354\/31754<\/div>\n<\/div>\n<\/div>\n<p><!--  Image block: [end] --><!--  CONTENT ELEMENT, uid:16510\/textpic [end] --><!--  CONTENT ELEMENT, uid:16511\/textpic [begin] --><a id=\"c16511\"><\/a><\/p>\n<h4>2.3 Heringsdorf &#8211; Chapeau Rouge<\/h4>\n<p>Das Theater Anklam bietet seit 1993 in Heringsdorf im Chapeau Rouge ( Rotes Zelt )vorwiegend leichte und am\u00fcsante St\u00fccke an.<br \/>\nVorf\u00fchrungen:&nbsp;&nbsp; Ende Mai \u2013 Mitte September&nbsp;&nbsp; Di-Sa jeweils 20.00 Uhr&nbsp; Karten im Reiseb\u00fcro Tel.: 038354\/31754<\/p>\n<\/div>\n","protected":false},"excerpt":{"rendered":"<p>2.1 Ralswiek \u2013 St\u00f6rtebeker Festspiele Die St\u00f6rtebeker Festspiele sind die \u00e4ltesten gr\u00f6\u00dften Kultur Events. 9000 Besucher pro Veranstaltung vertr\u00e4gt die Naturb\u00fchne am Jasmunder Bodden. (Insel R\u00fcgen) Deshalb sollte man rechtzeitig Pl\u00e4tze reservieren. Vorf\u00fchrungen:&nbsp; Juni- Sept.&nbsp;&nbsp;&nbsp;&nbsp;&nbsp; Karten im Reiseb\u00fcro Tel.: 038354\/ <a href=\"https:\/\/seebad-lubmin.com\/?page_id=245\" class=\"more-link\">Lies mehr &#8230;<\/a><\/p>\n","protected":false},"author":1,"featured_media":0,"parent":325,"menu_order":0,"comment_status":"closed","ping_status":"closed","template":"","meta":{"_monsterinsights_skip_tracking":false,"_monsterinsights_sitenote_active":false,"_monsterinsights_sitenote_note":"","_monsterinsights_sitenote_category":0,"footnotes":""},"class_list":["post-245","page","type-page","status-publish","hentry"],"_links":{"self":[{"href":"https:\/\/seebad-lubmin.com\/index.php?rest_route=\/wp\/v2\/pages\/245","targetHints":{"allow":["GET"]}}],"collection":[{"href":"https:\/\/seebad-lubmin.com\/index.php?rest_route=\/wp\/v2\/pages"}],"about":[{"href":"https:\/\/seebad-lubmin.com\/index.php?rest_route=\/wp\/v2\/types\/page"}],"author":[{"embeddable":true,"href":"https:\/\/seebad-lubmin.com\/index.php?rest_route=\/wp\/v2\/users\/1"}],"replies":[{"embeddable":true,"href":"https:\/\/seebad-lubmin.com\/index.php?rest_route=%2Fwp%2Fv2%2Fcomments&post=245"}],"version-history":[{"count":3,"href":"https:\/\/seebad-lubmin.com\/index.php?rest_route=\/wp\/v2\/pages\/245\/revisions"}],"predecessor-version":[{"id":344,"href":"https:\/\/seebad-lubmin.com\/index.php?rest_route=\/wp\/v2\/pages\/245\/revisions\/344"}],"up":[{"embeddable":true,"href":"https:\/\/seebad-lubmin.com\/index.php?rest_route=\/wp\/v2\/pages\/325"}],"wp:attachment":[{"href":"https:\/\/seebad-lubmin.com\/index.php?rest_route=%2Fwp%2Fv2%2Fmedia&parent=245"}],"curies":[{"name":"wp","href":"https:\/\/api.w.org\/{rel}","templated":true}]}}