{"id":241,"date":"2019-07-23T10:10:52","date_gmt":"2019-07-23T10:10:52","guid":{"rendered":"http:\/\/seebad-lubmin.com\/?page_id=241"},"modified":"2025-08-04T10:13:40","modified_gmt":"2025-08-04T10:13:40","slug":"1-lubmin-und-umgebung","status":"publish","type":"page","link":"https:\/\/seebad-lubmin.com\/?page_id=241","title":{"rendered":"1. Lubmin und Umgebung"},"content":{"rendered":"<h4>1.1 Lubmin &#8211; Der Teufelsstein<\/h4>\n<p><!--  Image block: [begin] --><\/p>\n<div class=\"csc-textpic-text\">\n<div class=\"bodytext\">\n<div>Wir empfehlen einen abendlichen Spaziergang in westliche Richtung bis zum Teufelstein auszudehnen. Dieser 32 Kubikmeter gro\u00dfe, schiffsf\u00f6rmige Granitblock ist wahrscheinlich der gr\u00f6\u00dfte Findling im norddeutschen Raum. Der sechs Meter lange\u00a0Stein soll noch etwa einen Meter tief in der Erde stecken. 1909 lag er noch auf dem Trockenen. Lesen Sie auf einer Informationstafel am Teufelsstein die interessante Teufelssteinsage.<\/div>\n<\/div>\n<\/div>\n<p><!--  Image block: [end] --><!--  CONTENT ELEMENT, uid:16495\/textpic [end] --><!--  CONTENT ELEMENT, uid:16496\/textpic [begin] --><a id=\"c16496\"><\/a><\/p>\n<h4>1.2 Greifswald Eldena \u2013 Kloster Eldena<\/h4>\n<p><!--  Image block: [begin] --><\/p>\n<div class=\"csc-textpic-text\">\n<div class=\"bodytext\">\n<div>An der M\u00fcndung des Fl\u00fcsschens Ryck\u00a0gr\u00fcndeten d\u00e4nische Zisterzienerm\u00f6nche im Jahre 1199 das Kloster Eldena. Heute sind nur noch Reste des Klosters zu besichtigen. In den Sommermonaten finden dort Freiluft-Auff\u00fchrungen des Theaters Vorpommern statt.<\/div>\n<\/div>\n<\/div>\n<p><!--  Image block: [end] --><!--  CONTENT ELEMENT, uid:16496\/textpic [end] --><!--  CONTENT ELEMENT, uid:16497\/textpic [begin] --><a id=\"c16497\"><\/a><\/p>\n<h4>1.3 Greifswald \u2013 Altstadt<\/h4>\n<p><!--  Image block: [begin] --><\/p>\n<div class=\"csc-textpic-text\">\n<div class=\"bodytext\">\n<div>In der Altstadt herrscht stets reges Treiben der preisgekr\u00f6nte historische Markt ist einen Besuch wert. Greifswald ist die Kulturhauptstadt Vorpommerns.<\/div>\n<\/div>\n<\/div>\n<p><!--  Image block: [end] --><!--  CONTENT ELEMENT, uid:16497\/textpic [end] --><!--  CONTENT ELEMENT, uid:16498\/textpic [begin] --><a id=\"c16498\"><\/a><\/p>\n<h4>1.4 Greifswald \u2013 Pommersches Landesmuseum<\/h4>\n<p><!--  Image block: [begin] --><\/p>\n<div class=\"csc-textpic-text\">\n<div class=\"bodytext\">\n<div>Das Landesmuseum ist ein Komplex mehrerer historischer Geb\u00e4ude in unmittelbarer N\u00e4he des Greifswalder Marktes. Es zeigt die Natur-, Landes- und Kulturgeschichte\u00a0 Pommerns. Das Museum bietet kostenlos eine F\u00fchrung per H\u00f6rkassette an. Im Museum befindet sich das Spezialit\u00e4ten- Restaurant Le Croy,\u00a0 welches ebenfalls einen Besuch wert ist.<br \/>\u00d6ffnungszeiten: Di-So 10-18 Uhr \u00a0Tel.: 03834\/831210<\/div>\n<\/div>\n<\/div>\n<p><!--  Image block: [end] --><!--  CONTENT ELEMENT, uid:16498\/textpic [end] --><!--  CONTENT ELEMENT, uid:16499\/textpic [begin] --><a id=\"c16499\"><\/a><\/p>\n<h4>1.5 Wolgast \u2013 Stadtgeschichtliches Museum \u201e Kaffeem\u00fchle\u201c<\/h4>\n<p><!--  Image block: [begin] --><\/p>\n<div class=\"csc-textpic-text\">\n<div class=\"bodytext\">\n<div>Seit 1966 ist das historische Geb\u00e4ude neben dem Rathaus, welches an eine Kaffeem\u00fchle erinnert, als Heimatmuseum eingerichtet. Von der Fr\u00fchgeschichte in den Kellergew\u00f6lben bis zur Handwerksgeschichte auf dem ehemaligen Kornboden geht es an Hand interessanter Exponate durch die Jahrhunderte. Besonders stolz ist das Museum auf die gro\u00dfe Original- Pommern- Karte mit allen D\u00f6rfern, Orten und Wappen.<br \/>\u00d6ffnungszeiten: Di- Fr 10-18 Uhr (Sept. \u2013 Mai bis 17 Uhr)\u00a0\u00a0 Sa u. So 10-14 Uhr ( Sept. \u2013 Mai ist So geschlossen)\u00a0\u00a0\u00a0 Tel.: 03836\/251-213<\/div>\n<\/div>\n<\/div>\n<p><!--  Image block: [end] --><!--  CONTENT ELEMENT, uid:16499\/textpic [end] --><!--  CONTENT ELEMENT, uid:16500\/textpic [begin] --><a id=\"c16500\"><\/a><\/p>\n<h4>1.6 Stralsund Meereskundemuseum<\/h4>\n<p><!--  Image block: [begin] --><\/p>\n<div class=\"csc-textpic-text\">\n<div class=\"bodytext\">\n<div>Das Meereskundemuseum ist das besucherst\u00e4rkste Museum Norddeutschlands. Das Museum befindet sich in der fr\u00fchgotischen Kirche des ehemaligen Katharinenklosters im Zentrum der Altstadt. Die umfangreichen und modernen Ausstellungen geben verst\u00e4ndlich und anschaulich vielf\u00e4ltige Einblicke in das Leben im Meer sowie die Nutzung und Erforschung durch den Menschen. Die Darstellung der Fischereigeschichte\u00a0der DDR ist ein weiterer Schwerpunkt. Besuchermagnet sind die 45 Schau- Aquarien mit heimischen und tropischen Tieren, das Walskelett im Kirchenchor sowie das zweist\u00f6ckige Seewasserbecken f\u00fcr tropische Meeresschildkr\u00f6ten. Nach dem Rundgang im Museum lohnt sich ein Besuch in der angeschlossenen Cafeteria.<\/div>\n<div>\u00d6ffnungszeiten: t\u00e4gl. 10-18 Uhr (Okt.- Mai\u00a0bis 17 Uhr) Tel.: 03831\/265010<\/div>\n<div>Auf der Insel D\u00e4nholm im Strelasund, direkt an der Zufahrt zur Insel R\u00fcgen liegt das Nautineum. Es zeigt Gro\u00dfger\u00e4te der deutschen Fischerei, Meeresforschung und Hydrografie, wie das legend\u00e4re Unterwasserlabor \u201eHelgoland\u201c. In der 14 Meter hohen Bootshalle steht u.a. ein Zeesenboot unter vollen Segeln und an der Pier liegt Deutschlands gr\u00f6\u00dfter Eisbrecher.<\/div>\n<\/div>\n<\/div>\n<p><!--  Image block: [end] --><!--  CONTENT ELEMENT, uid:16500\/textpic [end] --><!--  CONTENT ELEMENT, uid:16787\/textpic [begin] --><a id=\"c16787\"><\/a><\/p>\n<h4>1.6.1 Stralsund Ozeaneum<\/h4>\n<p><!--  Image block: [begin] --><\/p>\n<div class=\"csc-textpic-text\">\n<div class=\"bodytext\">\n<div>Auf der n\u00f6rdlichen Halbinsel der Stralsunder Altstadt\u00a0befindet sich das Ozeaneum, welches nicht nur das Angebot des deutschen Meeresmuseums eindrucksvoll erweitert, sondern auch die Region Vorpommerns um ein faszinierendes Ausflugsziel bereichert.\u00a0Drei gro\u00dfe Aquarienbereiche \u00fcber eine Gesamtfl\u00e4che von 3085 qm geben einen unvergleichlichen Einblick in die Flora und Fauna der Ostsee, Nordsee und des Nordatlantiks. Herzst\u00fcck des Aquariumbereiches ist das gro\u00dfe Schwarmfischbecken mit ca. 3000 Kubikmeter Inhalt. In einem ersten Ausstellungsbereich werden auf drei Ebenen die Themen: \u201eDas Weltmeer\u201c, \u201eDie Ostsee\u201c und \u201eErforschung und Nutzung der Meere\u201c dargestellt. Im Obergescho\u00df des Nordseeaquariums ist die Erlebnisausstellung \u201eEin Meer f\u00fcr Kinder\u201c als H\u00f6hepunkt f\u00fcr die kleinen Besucher untergebracht.\u00a0Die Pinguinanlage auf der Dachterrasse\u00a0ist ein ganz besonderer Anziehungspunkt.<\/div>\n<div>\u00d6ffnungszeiten: Mo- So\u00a0 9.30-19.00 Uhr\u00a0 Juni- Sept.\u00a0 9.30- 21.00 Uhr<\/div>\n<div>Tel.: 03831\/ 2650620<\/div>\n<\/div>\n<\/div>\n<p><!--  Image block: [end] --><!--  CONTENT ELEMENT, uid:16787\/textpic [end] --><!--  CONTENT ELEMENT, uid:16502\/textpic [begin] --><a id=\"c16502\"><\/a><\/p>\n<h4>1.7 Anklam Otto- Lilienthal- Museum<\/h4>\n<p><!--  Image block: [begin] --><\/p>\n<div class=\"csc-textpic-text\">\n<div class=\"bodytext\">\n<div>Das Museum des in Anklam geborenen Flugpioniers befindet sich in der Ellbogenstra\u00dfe, etwa 300 Meter\u00a0 vom Bahnhof entfernt. (eigener Parkplatz). Das moderne Konzept besteht darin, den Besucher aktiv in die Exponate\u00a0 einzubeziehen. Zum Bestand geh\u00f6ren Nachbildungen der Flugapparate Lilienthals und Original- Dokumente. Es wird ein Gesamteindruck \u00fcber das Leben des genialen Konstrukteurs vermittelt, der zu Lebzeiten in\u00a0 seiner Heimatstadt als Spinner galt. Mehr und mehr entwickelt sich das Haus zu einem Spezialmuseum f\u00fcr die Fr\u00fchgeschichte der Luftfahrt.<\/div>\n<div>\u00d6ffnungszeiten: Di- Fr\u00a0 10-17 Uhr ( Okt.- Apr. bis 16 Uhr) Sa. u. So. 14-17 Uhr( Okt. \u2013 Apr. ist \u00a0So geschlossen ) Tel.: 03971\/245500<\/div>\n<\/div>\n<\/div>\n<p><!--  Image block: [end] --><!--  CONTENT ELEMENT, uid:16502\/textpic [end] --><!--  CONTENT ELEMENT, uid:16503\/textpic [begin] --><a id=\"c16503\"><\/a><\/p>\n<h4>1.8 Ludwigsburg &#8211; Schloss<\/h4>\n<p><!--  Image block: [begin] --><\/p>\n<div class=\"csc-textpic-text\">\n<div class=\"bodytext\">\n<div>Das Renaissance- Schloss Ludwigsburg ist ein einmaliges Kleinod. Zudem liegt es am Rande einer gesch\u00fctzten Naturlandschaft, so dass sich ein\u00a0 Tagesausflug von Lubmin \u00fcber Vierow,\u00a0 Loissin oder Vierow, Gahlkow, Loissin Zeltplatz nach Ludwigsburg lohnt. Der dreigeschossige Backsteinbau ist das einzige erhalten gebliebene Schloss der Wolgaster\u00a0 Pommern Herz\u00f6ge. Vom Barockpark ist eine rund 100 Meter lange\u00a0 Lindenallee erhalten. Aus dieser Zeit stammt wohl auch\u00a0 der kleine \u201e Tempelberg\u201c mit Resten eines S\u00e4ulenpavillions und Ausblick auf die D\u00e4nische Wieck. 1997 gr\u00fcndete sich ein Verein, der sich f\u00fcr eine erhaltende Nutzung einsetzt und sichtbare Erfolge erzielte. Der Verein hat eine st\u00e4ndige Ausstellung eingerichtet. Zu den \u00d6ffnungszeiten sind auch Schlossf\u00fchrungen m\u00f6glich- vorherige\u00a0 Anmeldun g\u00a0 wird empfohlen.<br \/>\u00d6ffnungszeiten: Mo- Do\u00a0 5-15 Uhr ;\u00a0 Fr. 9.13 Uhr\u00a0 Tel. 038352\/60324<\/div>\n<\/div>\n<\/div>\n<p><!--  Image block: [end] --><!--  CONTENT ELEMENT, uid:16503\/textpic [end] --><!--  CONTENT ELEMENT, uid:16504\/textpic [begin] --><a id=\"c16504\"><\/a><\/p>\n<h4>1.9 Peenem\u00fcnde \u2013 Historisch-Technisches- Informationszentrum (HTI)<\/h4>\n<p><!--  Image block: [begin] --><\/p>\n<div class=\"csc-textpic-text\">\n<div class=\"bodytext\">\n<div>Das HTI z\u00e4hlt j\u00e4hrlich rund 300.000 Besucher und hat damit die zweitgr\u00f6\u00dfte Resonanz in Mecklenburg. Vorpommern. Seit 2001 zeigt das HTI im ehemaligen Steinkohlekraftwerk der Heeresversuchsanstalt Peenem\u00fcnde\u00a0 eine Dauerausstellung zur Entwicklung der Raketen Technik. Denn von Peenem\u00fcnde\u00a0 aus gelangte am 03. Oktober 1942 erstmals eine Rakete in den Weltraum. Die 1996 konzipierte Ausstellung im 1. Obergeschoss geht der Frage nach \u201eWiege der Raumfahrt oder Brutst\u00e4tte von Terrorwaffen\u201c. Im Erdgeschoss wird die Raumfahrtgeschichte nach dem Krieg\u00a0 veranschaulicht. Auf dem Freigel\u00e4nde stehen ein Modell der Rakete sowie verschrottete Flugzeuge der NVA. Das Kraftwerk selber ist das technische Denkmal\u00a0 Mecklenburg- Vorpommerns.<br \/>\u00d6ffnungszeiten: Mo- So\u00a0 9-18 Uhr\u00a0 ( Nov.- M\u00e4rz\u00a0 10-16 Uhr)\u00a0 Tel.: 038371\/ 5050<\/div>\n<\/div>\n<\/div>\n<p><!--  Image block: [end] --><!--  CONTENT ELEMENT, uid:16504\/textpic [end] --><!--  CONTENT ELEMENT, uid:16777\/textpic [begin] --><a id=\"c16777\"><\/a><\/p>\n<h4>1.9.1 Peenem\u00fcnde \u2013 Ph\u00e4nomenta<\/h4>\n<p><!--  Image block: [begin] --><\/p>\n<div class=\"csc-textpic-text\">\n<div class=\"bodytext\">\n<div>Eher am\u00fcsant dagegen ist der Aufenthalt in der Ph\u00e4nomenta im ehemaligen Kulturhaus des Marinest\u00fctzpunktes. Das Lachen geht schon beim Zerspiegeln am Eingang los. 206 physikalische Ph\u00e4nom\u00e4ne und Sinnest\u00e4uschungen k\u00f6nnen hier pers\u00f6nlich ausprobiert werden.<br \/>Anschlie\u00dfend erfolgt die Erkl\u00e4rung. Der weltweit einzige Astronauten- Trainer wird selten genutzt.<br \/>\u00d6ffnungszeiten: wie HTI\u00a0 Tel.: 038371\/ 26066<\/div>\n<\/div>\n<\/div>\n<p><!--  Image block: [end] --><!--  CONTENT ELEMENT, uid:16777\/textpic [end] --><!--  CONTENT ELEMENT, uid:16778\/text [begin] --><a id=\"c16778\"><\/a><\/p>\n<h4>1.9.2. Peenem\u00fcnde \u2013 Spielzeugmuseum<\/h4>\n<div class=\"bodytext\">\n<div>In der Saison erreichen Sie Peenem\u00fcnde von Freest \u00fcber eine F\u00e4hrverbindung. Die Motorbarkasse nimmt auch Fahrr\u00e4der mit.<\/div>\n<div>Ausk\u00fcnfte erteilt: Apollo GmbH\u00a0 Tel.:\u00a0 038371\/ 20829<\/div>\n<\/div>\n<p><!--  CONTENT ELEMENT, uid:16778\/text [end] --><!--  CONTENT ELEMENT, uid:16505\/textpic [begin] --><a id=\"c16505\"><\/a><\/p>\n<h4>1.9.3 Peenem\u00fcnde \u2013 U- Boot<\/h4>\n<p><!--  Image block: [begin] --><\/p>\n<div class=\"csc-textpic-text\">\n<div class=\"bodytext\">\n<div>Kriegerisch geht es dann wieder im Hafen zu. Hier liegt seit 1999 ein originales U- Boot vor Anker. Die U-461 war als weltgr\u00f6\u00dftes dieselbetriebenes U-Boot ab Ende der 50-er Jahre bei der Baltischen Rotbanner- Flotte im Einsatz und erst zu Beginn der 90-er Jahre entmilitarsiert worden. 100.00 Besucher J\u00e4hrlich wollen sich den Gang durch das Mannschaftsdeck nicht entgehen lassen.<br \/>\u00d6ffnungszeiten:\u00a0 Mo- o 9-21 Uhr\u00a0 (15. Sept- Juni 10-18 Uhr) Tel. : 038371\/ 28489<\/div>\n<\/div>\n<\/div>\n<p><!--  Image block: [end] --><!--  CONTENT ELEMENT, uid:16505\/textpic [end] --><!--  CONTENT ELEMENT, uid:16507\/textpic [begin] --><a id=\"c16507\"><\/a><\/p>\n<h4>1.10 Freest &#8211; Heimatstube<\/h4>\n<p><!--  Image block: [begin] --><\/p>\n<div class=\"csc-textpic-text\">\n<div class=\"bodytext\">\n<div>Auf jeden Fall lohnt sich ein Abstecher per Rad ins 5 Km entfernte Fischerdorf Freest. Die im ehemaligen Zollhaus untergebrachte Heimatstube widmet sich der Ausstellung von Fischereiteppichen, die in Freest ihre Wiege haben. Lassen Sie sich die Bedeutung des Motivs mit den drei Fischen erkl\u00e4ren, die auch das Tor zum Museumshof zieren. Wer nach Freest f\u00e4hrt,\u00a0 muss unbedingt ger\u00e4ucherten Fisch mitnehmen oder ein Fischbr\u00f6tchen in Hafen genie\u00dfen. \u00d6ffnungszeiten: Mo- So\u00a0 10- 16.30 Uhr\u00a0\u00a0 (Nov. \u2013 Apr. So u. Mo geschlossen)<\/div>\n<\/div>\n<\/div>\n<p><!--  Image block: [end] --><!--  CONTENT ELEMENT, uid:16507\/textpic [end] --><!--  CONTENT ELEMENT, uid:16508\/textpic [begin] --><a id=\"c16508\"><\/a><\/p>\n<h4>1.11 M\u00fchlenstra\u00dfe<\/h4>\n<p><!--  Image block: [begin] --><\/p>\n<div class=\"csc-textpic-text\">\n<div class=\"bodytext\">\n<div>Die Besichtigung der M\u00fchlen im Lubminer Umland ist empfehlenswert. Unsere\u00a0 M\u00fchlenstra\u00dfe beginnt im Greifswalder Ortsteil Eldena.<\/div>\n<div>Die<strong> Bockwindm\u00fchle Eldena<\/strong> an der Stra\u00dfe nach Wieck ist eine der \u00e4ltesten bekannten im Ostseeraum. Besichtigungen: So 11-13 Uhr, sonst nach Anmeldung unter Tel.: 03834\/ 845775<\/div>\n<div>Die <strong>Wasserm\u00fchle Hanshagen<\/strong>\u00a0 am Hansh\u00e4gener Bach wurde 1524 errichtet. Das heutige Aussehen erhielt die M\u00fchle 1750 bzw. 1800. 1895 lie\u00df der Besitzer eine Gastst\u00e4tte mit Saal anbauen. Von 1750 bis etwa 1850 stellte die Wasserm\u00fchle das Papier f\u00fcr die Universit\u00e4t her. Als Kornmahlm\u00fchle war sie bis 1952 in Betrieb. Ein Verein bem\u00fcht sich, die M\u00fchle zu erhalten und zu rekonstruieren. 1998 wurde das obersch\u00e4chtige Wasserrad wieder eingebaut, der M\u00fchlenteich 2002 entschlammt.<br \/>Die Besichtigung von Mitte Juni bis Anfang September\u00a0 Sa 15-17 Uhr. Andere Terminw\u00fcnsche sind \u00fcber Tel.: 038352\/538 m\u00f6glich.<\/div>\n<div>Im November 2010 begannen in allen drei Geb\u00e4uden Sanierungsarbeiten. Inzwischen ist das Wohnhaus komplett saniert und beherbergt das Restaurant &#8220; Zur Wasserm\u00fchle&#8220; (Tel.: 038352\/658888) sowie sechs Hotelzimmer. Auch der Saalanbau steht seit Mitte Dezember 2011 f\u00fcr Familienfeiern, Bankette und kulturelle Veranstaltungen zur Verf\u00fcgung. Au\u00dferdem entstand auf dem M\u00fchlengel\u00e4nde ein Neubau, in dem sich eine hochmoderne Wildannahme- und Wildverkaufsstelle befindet. In der Schauk\u00e4serei wird ab Fr\u00fchjahr aus frischer Milch, die von regionalen Landwirtschaftsunternehmen bezogen wird, hauseigener K\u00e4se hergestellt. Jeden Freitag und Samstag wird in der B\u00e4ckerei im Holzbackofen frisches Landbrot und leckeren Blechkuchen gebacken. Diese Produkte aus eigener Herstellung werden im Hofladen zum Kauf angeboten. Die M\u00fchle selbst wird originalgetreu saniert und als technisches und kulturhistorisches Museum genutzt. Die vorhandene M\u00fchlentechnik wird restauriert und wieder in Betrieb genommen. Am Deutschen M\u00fchlentag &#8211; Pfingstmontag 2012 &#8211; wird das M\u00fchlenrad wieder drehen!<\/div>\n<div>Die <strong>Motorwasserm\u00fchle\u00a0 Lodmannshagen<\/strong> am M\u00fchlengraben wurde um 1900 gebaut. Sie stellte 1953 ihren Betrieb ein und befindet sich heute in Privatbesitz eines M\u00fcnchener Tierarztes, der in Lodmannshagen einen \u00d6ko- Hof unterh\u00e4lt. Die M\u00fchle ist nicht zu besichtigen.<br \/>Der Vollst\u00e4ndigkeit halber sei erw\u00e4hnt, dass in Klein Ernsthof halb zerfallen eine Holl\u00e4nderwindm\u00fchle steht.<\/div>\n<\/div>\n<\/div>\n<p><!--  Image block: [end] --><!--  CONTENT ELEMENT, uid:16508\/textpic [end] --><!--###middle### end --><\/p>\n\n\n\n\n<figure class=\"wp-block-gallery has-nested-images columns-6 is-cropped wp-block-gallery-1 is-layout-flex wp-block-gallery-is-layout-flex\">\n<figure data-wp-context=\"{&quot;imageId&quot;:&quot;69e045093a4d5&quot;}\" data-wp-interactive=\"core\/image\" data-wp-key=\"69e045093a4d5\" class=\"wp-block-image size-large wp-lightbox-container\"><img loading=\"lazy\" decoding=\"async\" width=\"800\" height=\"532\" data-wp-class--hide=\"state.isContentHidden\" data-wp-class--show=\"state.isContentVisible\" data-wp-init=\"callbacks.setButtonStyles\" data-wp-on--click=\"actions.showLightbox\" data-wp-on--load=\"callbacks.setButtonStyles\" data-wp-on-window--resize=\"callbacks.setButtonStyles\" data-id=\"985\" src=\"https:\/\/seebad-lubmin.com\/wp-content\/uploads\/2021\/12\/800px-Lubmin_Teufelstein.jpg\" alt=\"Ostseebad Lubmin - Teufelstein\" class=\"wp-image-985\" srcset=\"https:\/\/seebad-lubmin.com\/wp-content\/uploads\/2021\/12\/800px-Lubmin_Teufelstein.jpg 800w, https:\/\/seebad-lubmin.com\/wp-content\/uploads\/2021\/12\/800px-Lubmin_Teufelstein-300x200.jpg 300w, https:\/\/seebad-lubmin.com\/wp-content\/uploads\/2021\/12\/800px-Lubmin_Teufelstein-768x511.jpg 768w, https:\/\/seebad-lubmin.com\/wp-content\/uploads\/2021\/12\/800px-Lubmin_Teufelstein-272x182.jpg 272w\" sizes=\"auto, (max-width: 800px) 100vw, 800px\" \/><button\n\t\t\tclass=\"lightbox-trigger\"\n\t\t\ttype=\"button\"\n\t\t\taria-haspopup=\"dialog\"\n\t\t\taria-label=\"Vergr\u00f6\u00dfern\"\n\t\t\tdata-wp-init=\"callbacks.initTriggerButton\"\n\t\t\tdata-wp-on--click=\"actions.showLightbox\"\n\t\t\tdata-wp-style--right=\"state.imageButtonRight\"\n\t\t\tdata-wp-style--top=\"state.imageButtonTop\"\n\t\t>\n\t\t\t<svg xmlns=\"http:\/\/www.w3.org\/2000\/svg\" width=\"12\" height=\"12\" fill=\"none\" viewBox=\"0 0 12 12\">\n\t\t\t\t<path fill=\"#fff\" d=\"M2 0a2 2 0 0 0-2 2v2h1.5V2a.5.5 0 0 1 .5-.5h2V0H2Zm2 10.5H2a.5.5 0 0 1-.5-.5V8H0v2a2 2 0 0 0 2 2h2v-1.5ZM8 12v-1.5h2a.5.5 0 0 0 .5-.5V8H12v2a2 2 0 0 1-2 2H8Zm2-12a2 2 0 0 1 2 2v2h-1.5V2a.5.5 0 0 0-.5-.5H8V0h2Z\" \/>\n\t\t\t<\/svg>\n\t\t<\/button><\/figure>\n\n\n\n<figure class=\"wp-block-image size-large\"><img loading=\"lazy\" decoding=\"async\" width=\"110\" height=\"123\" data-id=\"986\" src=\"https:\/\/seebad-lubmin.com\/wp-content\/uploads\/2021\/12\/Klosterruine_Eldena.jpg\" alt=\"Greifswald - Kloster Eldena\n\" class=\"wp-image-986\"\/><\/figure>\n\n\n\n<figure class=\"wp-block-image size-large\"><img loading=\"lazy\" decoding=\"async\" width=\"93\" height=\"92\" data-id=\"987\" src=\"https:\/\/seebad-lubmin.com\/wp-content\/uploads\/2021\/12\/Museum_Wolgast-1.jpg\" alt=\"Wolgast \u2013 Stadtgeschichtliches Museum \u201e Kaffeem\u00fchle\u201c\" class=\"wp-image-987\"\/><\/figure>\n\n\n\n<figure class=\"wp-block-image size-large\"><img loading=\"lazy\" decoding=\"async\" width=\"123\" height=\"92\" data-id=\"988\" src=\"https:\/\/seebad-lubmin.com\/wp-content\/uploads\/2021\/12\/Otto-_Lilienthal-_Museum_Anklam.jpg\" alt=\"Freest - Heimatstube\" class=\"wp-image-988\"\/><\/figure>\n\n\n\n<figure class=\"wp-block-image size-large\"><img loading=\"lazy\" decoding=\"async\" width=\"225\" height=\"300\" data-id=\"991\" src=\"https:\/\/seebad-lubmin.com\/wp-content\/uploads\/2021\/12\/Pommernkeramik_Relzow.jpg\" alt=\"T\u00f6pferei\" class=\"wp-image-991\"\/><\/figure>\n\n\n\n<figure class=\"wp-block-image size-large\"><img loading=\"lazy\" decoding=\"async\" width=\"104\" height=\"71\" data-id=\"992\" src=\"https:\/\/seebad-lubmin.com\/wp-content\/uploads\/2021\/12\/Nordic_Walking_Lubmin.jpg\" alt=\"\" class=\"wp-image-992\"\/><\/figure>\n<\/figure>\n\n\n\n<p><\/p>\n","protected":false},"excerpt":{"rendered":"<p>1.1 Lubmin &#8211; Der Teufelsstein Wir empfehlen einen abendlichen Spaziergang in westliche Richtung bis zum Teufelstein auszudehnen. Dieser 32 Kubikmeter gro\u00dfe, schiffsf\u00f6rmige Granitblock ist wahrscheinlich der gr\u00f6\u00dfte Findling im norddeutschen Raum. Der sechs Meter lange\u00a0Stein soll noch etwa einen Meter <a href=\"https:\/\/seebad-lubmin.com\/?page_id=241\" class=\"more-link\">Lies mehr &#8230;<\/a><\/p>\n","protected":false},"author":1,"featured_media":0,"parent":325,"menu_order":0,"comment_status":"closed","ping_status":"closed","template":"","meta":{"_monsterinsights_skip_tracking":false,"_monsterinsights_sitenote_active":false,"_monsterinsights_sitenote_note":"","_monsterinsights_sitenote_category":0,"footnotes":""},"class_list":["post-241","page","type-page","status-publish","hentry"],"_links":{"self":[{"href":"https:\/\/seebad-lubmin.com\/index.php?rest_route=\/wp\/v2\/pages\/241","targetHints":{"allow":["GET"]}}],"collection":[{"href":"https:\/\/seebad-lubmin.com\/index.php?rest_route=\/wp\/v2\/pages"}],"about":[{"href":"https:\/\/seebad-lubmin.com\/index.php?rest_route=\/wp\/v2\/types\/page"}],"author":[{"embeddable":true,"href":"https:\/\/seebad-lubmin.com\/index.php?rest_route=\/wp\/v2\/users\/1"}],"replies":[{"embeddable":true,"href":"https:\/\/seebad-lubmin.com\/index.php?rest_route=%2Fwp%2Fv2%2Fcomments&post=241"}],"version-history":[{"count":16,"href":"https:\/\/seebad-lubmin.com\/index.php?rest_route=\/wp\/v2\/pages\/241\/revisions"}],"predecessor-version":[{"id":1182,"href":"https:\/\/seebad-lubmin.com\/index.php?rest_route=\/wp\/v2\/pages\/241\/revisions\/1182"}],"up":[{"embeddable":true,"href":"https:\/\/seebad-lubmin.com\/index.php?rest_route=\/wp\/v2\/pages\/325"}],"wp:attachment":[{"href":"https:\/\/seebad-lubmin.com\/index.php?rest_route=%2Fwp%2Fv2%2Fmedia&parent=241"}],"curies":[{"name":"wp","href":"https:\/\/api.w.org\/{rel}","templated":true}]}}