{"id":2,"date":"2016-05-10T03:48:21","date_gmt":"2016-05-10T03:48:21","guid":{"rendered":"http:\/\/seebad-lubmin.com\/?page_id=2"},"modified":"2025-08-04T10:15:36","modified_gmt":"2025-08-04T10:15:36","slug":"sample-page","status":"publish","type":"page","link":"https:\/\/seebad-lubmin.com\/","title":{"rendered":"Reiseb\u00fcro &#8222;DORINA HILLER&#8220;"},"content":{"rendered":"\n<div class=\"wp-block-cover aligncenter is-light\" style=\"min-height:100vh;aspect-ratio:unset;\"><img loading=\"lazy\" decoding=\"async\" width=\"640\" height=\"480\" class=\"wp-block-cover__image-background wp-image-104\" alt=\"Reiseb\u00fcro Dorina Hiller - Ostseebad Lubmin\" src=\"http:\/\/seebad-lubmin.com\/wp-content\/uploads\/2019\/04\/dorina_hiller.jpg\" data-object-fit=\"cover\" srcset=\"https:\/\/seebad-lubmin.com\/wp-content\/uploads\/2019\/04\/dorina_hiller.jpg 640w, https:\/\/seebad-lubmin.com\/wp-content\/uploads\/2019\/04\/dorina_hiller-300x225.jpg 300w\" sizes=\"auto, (max-width: 640px) 100vw, 640px\" \/><span aria-hidden=\"true\" class=\"wp-block-cover__background has-vivid-cyan-blue-background-color has-background-dim-0 has-background-dim\"><\/span><div class=\"wp-block-cover__inner-container is-layout-flow wp-block-cover-is-layout-flow\">\n<p class=\"has-text-align-center has-large-font-size\">Dorina Hiller im Seebad Lubmin<\/p>\n<\/div><\/div>\n\n\n<p><strong>Herzlich Willkommen im Reiseb\u00fcro &#8222;Dorina Hiller&#8220; Sie suchen eine Ferienunterkunft in Lubmin, dann sind Sie hier genau richtig.<\/strong><\/p>\n<p>Das Reiseb\u00fcro Dorina Hiller bietet <strong>neben den \u00fcblichen Dienstleistungen<\/strong> nunmehr auch eine <strong>Zimmervermittlung<\/strong> f\u00fcr das <strong>Seebad Lubmin\u00a0&amp;<\/strong>\u00a0Umgebung an.<\/p>\n<p>Auf unserem Portal finden Sie Angebote von Vermietern privater Zimmer und Ferienwohnungen f\u00fcr Lubmin oder ganz Mecklenburg- Vorpommerns. Egal ob Sie allein, mit Freunden oder der ganzen Familie verreisen m\u00f6chten &#8211; bei uns finden Sie sicherlich etwas Passendes f\u00fcr Ihre Ferien. Die Vermieter pr\u00e4sentieren ihre Unterk\u00fcnfte mit genauer Beschreibung, sodass Sie als Reisender alles \u00fcber ihre Ferienwohnung und Ferienregion erfahren.<\/p>\n<p>Zudem k\u00f6nnen Sie im Reiseb\u00fcro Dorina Hiller &#8211; SORGENLOS &#8211; Reisen buchen. TOP Urlaubsangebote stellen wir nach ihren W\u00fcnschen zusammen und verschicken diese auch per E- Mail oder Post. Im Reiseb\u00fcro finden Sie attraktive Fr\u00fchbucher-Rabatte und g\u00fcnstige Last Minute Angebote. Sie k\u00f6nnen in Ruhe vergleichen und ausw\u00e4hlen. Rund um die Uhr buchen Sie \u00fcber die Internet -Seite www.onlineweg.de\/lubmin, 365 Tage im Jahr und haben trotzdem den Ansprechpartner vor Ort.<\/p>\n<p>Dies ist jedoch nicht alles, denn folgende Dienstleistungen werden ebenso vermittelt:<\/p>\n<ul>\n<li>Fahrscheine f\u00fcr die Deutsche Bahn<\/li>\n<li>Fahrscheine f\u00fcr die Usedomer B\u00e4derbahn<\/li>\n<li>Tickets f\u00fcr St\u00f6rtebeker Festspiele, Ostseefestspiele, Vineta Festspiele,<\/li>\n<li>Theater Greifswald und Anklam, Konzertkarten<\/li>\n<li>Tickets f\u00fcr Tagesfahrten ab Lubmin z.B. nach Kopenhagen, R\u00fcgen, Stettin<\/li>\n<li>Tickets f\u00fcr Hiddensee- \u00dcberfahrten<\/li>\n<li>Tickets der Apollo Reederei f\u00fcr die Insel Ruden und die Insel Oie<\/li>\n<li>Tickets der Adler Schiffe f\u00fcr die Insel R\u00fcgen, Mistroy, Swinem\u00fcnde<\/li>\n<li>Kombi- Tickets der Usedomer B\u00e4derbahn (Bahnfahrt + Eintrittskarte)<\/li>\n<\/ul>\n\n\n<p>Sind Sie als Kunde zufrieden, so sind wir dies auch.<\/p>\n","protected":false},"excerpt":{"rendered":"<p>Herzlich Willkommen im Reiseb\u00fcro &#8222;Dorina Hiller&#8220; Sie suchen eine Ferienunterkunft in Lubmin, dann sind Sie hier genau richtig. Das Reiseb\u00fcro Dorina Hiller bietet neben den \u00fcblichen Dienstleistungen nunmehr auch eine Zimmervermittlung f\u00fcr das Seebad Lubmin\u00a0&amp;\u00a0Umgebung an. Auf unserem Portal finden <a href=\"https:\/\/seebad-lubmin.com\/\" class=\"more-link\">Lies mehr &#8230;<\/a><\/p>\n","protected":false},"author":1,"featured_media":0,"parent":0,"menu_order":0,"comment_status":"closed","ping_status":"open","template":"","meta":{"_monsterinsights_skip_tracking":false,"_monsterinsights_sitenote_active":false,"_monsterinsights_sitenote_note":"","_monsterinsights_sitenote_category":0,"footnotes":""},"class_list":["post-2","page","type-page","status-publish","hentry"],"_links":{"self":[{"href":"https:\/\/seebad-lubmin.com\/index.php?rest_route=\/wp\/v2\/pages\/2","targetHints":{"allow":["GET"]}}],"collection":[{"href":"https:\/\/seebad-lubmin.com\/index.php?rest_route=\/wp\/v2\/pages"}],"about":[{"href":"https:\/\/seebad-lubmin.com\/index.php?rest_route=\/wp\/v2\/types\/page"}],"author":[{"embeddable":true,"href":"https:\/\/seebad-lubmin.com\/index.php?rest_route=\/wp\/v2\/users\/1"}],"replies":[{"embeddable":true,"href":"https:\/\/seebad-lubmin.com\/index.php?rest_route=%2Fwp%2Fv2%2Fcomments&post=2"}],"version-history":[{"count":17,"href":"https:\/\/seebad-lubmin.com\/index.php?rest_route=\/wp\/v2\/pages\/2\/revisions"}],"predecessor-version":[{"id":1183,"href":"https:\/\/seebad-lubmin.com\/index.php?rest_route=\/wp\/v2\/pages\/2\/revisions\/1183"}],"wp:attachment":[{"href":"https:\/\/seebad-lubmin.com\/index.php?rest_route=%2Fwp%2Fv2%2Fmedia&parent=2"}],"curies":[{"name":"wp","href":"https:\/\/api.w.org\/{rel}","templated":true}]}}