{"id":192,"date":"2019-05-02T16:14:40","date_gmt":"2019-05-02T16:14:40","guid":{"rendered":"http:\/\/seebad-lubmin.com\/?page_id=192"},"modified":"2025-08-04T09:06:50","modified_gmt":"2025-08-04T09:06:50","slug":"seebad-lubmin","status":"publish","type":"page","link":"https:\/\/seebad-lubmin.com\/?page_id=192","title":{"rendered":"Seebad Lubmin"},"content":{"rendered":"\n<figure class=\"wp-block-gallery has-nested-images columns-default is-cropped wp-block-gallery-1 is-layout-flex wp-block-gallery-is-layout-flex\">\n<figure class=\"wp-block-image size-full\"><img loading=\"lazy\" decoding=\"async\" width=\"640\" height=\"480\" data-id=\"780\" src=\"https:\/\/seebad-lubmin.com\/wp-content\/uploads\/2021\/10\/DSCI0899-1.jpg\" alt=\"Seebad Lubmin - Ostseestrand\" class=\"wp-image-780\" srcset=\"https:\/\/seebad-lubmin.com\/wp-content\/uploads\/2021\/10\/DSCI0899-1.jpg 640w, https:\/\/seebad-lubmin.com\/wp-content\/uploads\/2021\/10\/DSCI0899-1-300x225.jpg 300w\" sizes=\"auto, (max-width: 640px) 100vw, 640px\" \/><figcaption class=\"wp-element-caption\">Seebad Lubmin &#8211; Ostseestrand<\/figcaption><\/figure>\n\n\n\n<figure class=\"wp-block-image size-full\"><img loading=\"lazy\" decoding=\"async\" width=\"800\" height=\"532\" data-id=\"779\" src=\"https:\/\/seebad-lubmin.com\/wp-content\/uploads\/2021\/10\/800px-Lubmin_Teufelstein.jpg\" alt=\"Seebad Lubmin - Teufelstein\" class=\"wp-image-779\" srcset=\"https:\/\/seebad-lubmin.com\/wp-content\/uploads\/2021\/10\/800px-Lubmin_Teufelstein.jpg 800w, https:\/\/seebad-lubmin.com\/wp-content\/uploads\/2021\/10\/800px-Lubmin_Teufelstein-300x200.jpg 300w, https:\/\/seebad-lubmin.com\/wp-content\/uploads\/2021\/10\/800px-Lubmin_Teufelstein-768x511.jpg 768w, https:\/\/seebad-lubmin.com\/wp-content\/uploads\/2021\/10\/800px-Lubmin_Teufelstein-272x182.jpg 272w\" sizes=\"auto, (max-width: 800px) 100vw, 800px\" \/><figcaption class=\"wp-element-caption\">Teufelstein<\/figcaption><\/figure>\n<\/figure>\n\n\n\n<h3 class=\"wp-block-heading\">Seebad Lubmin<\/h3>\n\n\n\n<p>Abseits von L\u00e4rm, Stress und Hektik, unber\u00fchrt von Massentourismus der \u00fcberlaufenden B\u00e4der an den K\u00fcsten Usedoms und R\u00fcgen bietet ein Urlaub am Greifswalder Bodden vor allem mehr Genuss von Ruhe und Natur. Egal, ob Sie einen Aufenthalt in Lubmin, dem einzigen Seebad an der s\u00fcdlichen Boddenk\u00fcste, oder in der n\u00e4heren Umgebung w\u00e4hlen, es ist zu jeder Jahreszeit ein echter Gemeimtipp. <br><br>Weite Str\u00e4nde, Kliffk\u00fcsten dazu die salzhaltige Luft und der Duft von Kiefernharz bieten Natur pur. Sanfte Wellen rollen an den breiten, vier Kilometer langen Strand mit wei\u00dfen, steinlosen Sand. Der Kiefernwald reicht bis an die Promenade und h\u00e4lt den Wind von der reizvollen Kliffk\u00fcste ab. Das maritime Klima und die gesunde Seeluft garantieren Entspannung und Erholung. <br><br>Ob Sie kulturhistorische Stadtausfl\u00fcge oder Ausfl\u00fcge in die Natur lieben, ob Sie das Erlebnis der Kulturevents oder die Atmosph\u00e4re der Dorffeste mitnehmen wollen, ob Sie sportlich aktiv werden oder die Sch\u00f6nheit der Natur erkunden wollen, f\u00fcr jeden ist etwas dabei und machen den Aufenthalt zu einem kurzweiligen Erlebnis.    <br><\/p>\n\n\n\n<figure class=\"wp-block-gallery has-nested-images columns-4 is-cropped wp-block-gallery-2 is-layout-flex wp-block-gallery-is-layout-flex\">\n<figure class=\"wp-block-image size-medium\"><a href=\"https:\/\/seebad-lubmin.com\/wp-content\/uploads\/2021\/10\/DSCI0921.jpg\"><img loading=\"lazy\" decoding=\"async\" width=\"300\" height=\"225\" data-id=\"753\" src=\"https:\/\/seebad-lubmin.com\/wp-content\/uploads\/2021\/10\/DSCI0921-300x225.jpg\" alt=\"Seebad Lubmin - Kurverwaltung\" class=\"wp-image-753\" srcset=\"https:\/\/seebad-lubmin.com\/wp-content\/uploads\/2021\/10\/DSCI0921-300x225.jpg 300w, https:\/\/seebad-lubmin.com\/wp-content\/uploads\/2021\/10\/DSCI0921.jpg 640w\" sizes=\"auto, (max-width: 300px) 100vw, 300px\" \/><\/a><figcaption class=\"wp-element-caption\">Kurverwaltung<\/figcaption><\/figure>\n\n\n\n<figure class=\"wp-block-image size-medium\"><a href=\"https:\/\/seebad-lubmin.com\/wp-content\/uploads\/2021\/10\/DSCI0924-1.jpg\"><img loading=\"lazy\" decoding=\"async\" width=\"300\" height=\"225\" data-id=\"785\" src=\"https:\/\/seebad-lubmin.com\/wp-content\/uploads\/2021\/10\/DSCI0924-1-300x225.jpg\" alt=\"Seebad Lubmin -\" class=\"wp-image-785\" srcset=\"https:\/\/seebad-lubmin.com\/wp-content\/uploads\/2021\/10\/DSCI0924-1-300x225.jpg 300w, https:\/\/seebad-lubmin.com\/wp-content\/uploads\/2021\/10\/DSCI0924-1.jpg 640w\" sizes=\"auto, (max-width: 300px) 100vw, 300px\" \/><\/a><\/figure>\n\n\n\n<figure class=\"wp-block-image size-medium\"><a href=\"https:\/\/seebad-lubmin.com\/wp-content\/uploads\/2021\/10\/DSCI0923.jpg\"><img loading=\"lazy\" decoding=\"async\" width=\"300\" height=\"225\" data-id=\"796\" src=\"https:\/\/seebad-lubmin.com\/wp-content\/uploads\/2021\/10\/DSCI0923-300x225.jpg\" alt=\"Seebad Lubmin - Park\" class=\"wp-image-796\" srcset=\"https:\/\/seebad-lubmin.com\/wp-content\/uploads\/2021\/10\/DSCI0923-300x225.jpg 300w, https:\/\/seebad-lubmin.com\/wp-content\/uploads\/2021\/10\/DSCI0923.jpg 640w\" sizes=\"auto, (max-width: 300px) 100vw, 300px\" \/><\/a><figcaption class=\"wp-element-caption\">Park<\/figcaption><\/figure>\n\n\n\n<figure class=\"wp-block-image size-medium\"><a href=\"https:\/\/seebad-lubmin.com\/wp-content\/uploads\/2021\/10\/DSCI0935-2.jpg\"><img loading=\"lazy\" decoding=\"async\" width=\"300\" height=\"225\" data-id=\"835\" src=\"https:\/\/seebad-lubmin.com\/wp-content\/uploads\/2021\/10\/DSCI0935-2-300x225.jpg\" alt=\"Seebad Lubmin - Strand\" class=\"wp-image-835\" srcset=\"https:\/\/seebad-lubmin.com\/wp-content\/uploads\/2021\/10\/DSCI0935-2-300x225.jpg 300w, https:\/\/seebad-lubmin.com\/wp-content\/uploads\/2021\/10\/DSCI0935-2.jpg 640w\" sizes=\"auto, (max-width: 300px) 100vw, 300px\" \/><\/a><figcaption class=\"wp-element-caption\">Strand<\/figcaption><\/figure>\n<\/figure>\n\n\n\n<p><\/p>\n","protected":false},"excerpt":{"rendered":"<p>Seebad Lubmin Abseits von L\u00e4rm, Stress und Hektik, unber\u00fchrt von Massentourismus der \u00fcberlaufenden B\u00e4der an den K\u00fcsten Usedoms und R\u00fcgen bietet ein Urlaub am Greifswalder Bodden vor allem mehr Genuss von Ruhe und Natur. Egal, ob Sie einen Aufenthalt in <a href=\"https:\/\/seebad-lubmin.com\/?page_id=192\" class=\"more-link\">Lies mehr &#8230;<\/a><\/p>\n","protected":false},"author":1,"featured_media":0,"parent":188,"menu_order":0,"comment_status":"closed","ping_status":"closed","template":"","meta":{"_monsterinsights_skip_tracking":false,"_monsterinsights_sitenote_active":false,"_monsterinsights_sitenote_note":"","_monsterinsights_sitenote_category":0,"footnotes":""},"class_list":["post-192","page","type-page","status-publish","hentry"],"_links":{"self":[{"href":"https:\/\/seebad-lubmin.com\/index.php?rest_route=\/wp\/v2\/pages\/192","targetHints":{"allow":["GET"]}}],"collection":[{"href":"https:\/\/seebad-lubmin.com\/index.php?rest_route=\/wp\/v2\/pages"}],"about":[{"href":"https:\/\/seebad-lubmin.com\/index.php?rest_route=\/wp\/v2\/types\/page"}],"author":[{"embeddable":true,"href":"https:\/\/seebad-lubmin.com\/index.php?rest_route=\/wp\/v2\/users\/1"}],"replies":[{"embeddable":true,"href":"https:\/\/seebad-lubmin.com\/index.php?rest_route=%2Fwp%2Fv2%2Fcomments&post=192"}],"version-history":[{"count":46,"href":"https:\/\/seebad-lubmin.com\/index.php?rest_route=\/wp\/v2\/pages\/192\/revisions"}],"predecessor-version":[{"id":1156,"href":"https:\/\/seebad-lubmin.com\/index.php?rest_route=\/wp\/v2\/pages\/192\/revisions\/1156"}],"up":[{"embeddable":true,"href":"https:\/\/seebad-lubmin.com\/index.php?rest_route=\/wp\/v2\/pages\/188"}],"wp:attachment":[{"href":"https:\/\/seebad-lubmin.com\/index.php?rest_route=%2Fwp%2Fv2%2Fmedia&parent=192"}],"curies":[{"name":"wp","href":"https:\/\/api.w.org\/{rel}","templated":true}]}}