{"id":116,"date":"2019-04-25T16:10:11","date_gmt":"2019-04-25T16:10:11","guid":{"rendered":"http:\/\/seebad-lubmin.com\/?page_id=116"},"modified":"2023-12-14T10:32:08","modified_gmt":"2023-12-14T10:32:08","slug":"impressum","status":"publish","type":"page","link":"https:\/\/seebad-lubmin.com\/?page_id=116","title":{"rendered":"Impressum"},"content":{"rendered":"\n<p><strong>Betreiber der Website\u00a0\u00a0 <\/strong><br>Reiseb\u00fcro &amp; private Zimmervermittlung Dorina Hiller <br>Villenstra\u00dfe 1 <br>17509 Seebad Lubmin <br>e-Mail: reisebuero.hiller@gmail.com<br>web:    www.onlineweg.de\/lubmin <br>web:    www.seebad-lubmin.com<br>   <br>Gerichtsstand: Amtsgericht Greifswald   <br>Umsatzsteuer- ID: DE237937348   <br>Einzelfirma: Inhaberin Dorina Hiller   <\/p>\n\n\n\n<p><strong>Idee und Gestaltung<\/strong><br>Multimedia-Service Lemke&nbsp; <br>Diesterwegstr. 62 <br>17438 Wolgast    <br>Tel.: 03836 233028  <br>Fax: 03836 233029    <br>e-Mail: info@mms-lemke.de  <br>www.multimedia-service-lemke.de<br>www.der-usedomer.de<br><\/p>\n\n\n\n<p>    &#8212;&#8212;&#8212;&#8212;&#8212;&#8212;&#8212;&#8212;&#8212;&#8212;&#8212;&#8212;&#8212;&#8212;&#8212;&#8212;&#8212;&#8212;&#8212;&#8212;&#8212;&#8212;&#8212;&#8212;&#8212;&#8212;&#8212;&#8212;&#8212;&#8212;&#8212;&#8212; <br>Haftungshinweis: Trotz sorgf\u00e4ltiger inhaltlicher Kontrolle \u00fcbernehmen wir keine Haftung f\u00fcr die Inhalte externer Links. F\u00fcr den Inhalt der verlinkten Seiten sind ausschlie\u00dflich deren Betreiber verantwortlich.  <\/p>\n\n\n\n<h4 class=\"wp-block-heading\">Haltungsausschluss<br><br><\/h4>\n\n\n\n<p><\/p>\n\n\n\n<p><strong>Haftung f\u00fcr die Inhalte<\/strong><br><br>Als Diensteanbieter sind wir gem\u00e4\u00df \u00a7 7 Abs.1 TMG f\u00fcr eigene Inhalte auf diesen Seiten nach den allgemeinen Gesetzen verantwortlich. Nach \u00a7\u00a7 8 bis 10 TMG sind wir als Diensteanbieter jedoch nicht verpflichtet, \u00fcbermittelte oder gespeicherte fremde Informationen zu \u00fcberwachen oder nach Umst\u00e4nden zu forschen, die auf eine rechtswidrige T\u00e4tigkeit hinweisen. Verpflichtungen zur Entfernung oder Sperrung der Nutzung von Informationen nach den allgemeinen Gesetzen bleiben hiervon unber\u00fchrt. Eine diesbez\u00fcgliche Haftung ist jedoch erst ab dem Zeitpunkt der Kenntnis einer konkreten Rechtsverletzung m\u00f6glich. Bei Bekanntwerden von entsprechenden Rechtsverletzungen werden wir diese Inhalte umgehend entfernen. <br><br><strong>Haftung f\u00fcr Links<\/strong><br><br>Unser Angebot enth\u00e4lt Links zu externen Webseiten Dritter, auf deren Inhalte wir keinen Einfluss haben. Deshalb k\u00f6nnen wir f\u00fcr diese fremden Inhalte auch keine Gew\u00e4hr \u00fcbernehmen. F\u00fcr die Inhalte der verlinkten Seiten ist stets der jeweilige Anbieter oder Betreiber der Seiten verantwortlich. Die verlinkten Seiten wurden zum Zeitpunkt der Verlinkung auf m\u00f6gliche Rechtsverst\u00f6\u00dfe \u00fcberpr\u00fcft. Rechtswidrige Inhalte waren zum Zeitpunkt der Verlinkung nicht erkennbar. Eine permanente inhaltliche Kontrolle der verlinkten Seiten ist jedoch ohne konkrete Anhaltspunkte einer Rechtsverletzung nicht zumutbar. Bei Bekanntwerden von Rechtsverletzungen werden wir derartige Links umgehend entfernen. <br><br><strong>Urheberrecht<\/strong><br><br>Die durch die Seitenbetreiber erstellten Inhalte und Werke auf diesen Seiten unterliegen dem deutschen Urheberrecht. Die Vervielf\u00e4ltigung, Bearbeitung, Verbreitung und jede Art der Verwertung au\u00dferhalb der Grenzen des Urheberrechtes bed\u00fcrfen der schriftlichen Zustimmung des jeweiligen Autors bzw. Erstellers. Downloads und Kopien dieser Seite sind nur f\u00fcr den privaten, nicht kommerziellen Gebrauch gestattet. Soweit die Inhalte auf dieser Seite nicht vom Betreiber erstellt wurden, werden die Urheberrechte Dritter beachtet. Insbesondere werden Inhalte Dritter als solche gekennzeichnet. Sollten Sie trotzdem auf eine Urheberrechtsverletzung aufmerksam werden, bitten wir um einen entsprechenden Hinweis. Bei Bekanntwerden von Rechtsverletzungen werden wir derartige Inhalte umgehend entfernen. Quellenangaben: eRecht24<br>&nbsp;&#8212;&#8212;&#8212;&#8212;&#8212;&#8212;&#8212;&#8212;&#8212;&#8212;&#8212;&#8212;&#8212;&#8212;&#8212;&#8212;&#8212;&#8212;&#8212;&#8212;&#8212;&#8212;&#8212;&#8212;&#8212;&#8212;&#8211; <br>Plattform zur Online-Streitbeilegung der Europ\u00e4ischen Kommission: <br>http:\/\/ec.europa.eu\/consumers\/odr\/ <\/p>\n","protected":false},"excerpt":{"rendered":"<p>Betreiber der Website\u00a0\u00a0 Reiseb\u00fcro &amp; private Zimmervermittlung Dorina Hiller Villenstra\u00dfe 1 17509 Seebad Lubmin e-Mail: reisebuero.hiller@gmail.comweb: www.onlineweg.de\/lubmin web: www.seebad-lubmin.com Gerichtsstand: Amtsgericht Greifswald Umsatzsteuer- ID: DE237937348 Einzelfirma: Inhaberin Dorina Hiller Idee und GestaltungMultimedia-Service Lemke&nbsp; Diesterwegstr. 62 17438 Wolgast Tel.: 03836 233028 <a href=\"https:\/\/seebad-lubmin.com\/?page_id=116\" class=\"more-link\">Lies mehr &#8230;<\/a><\/p>\n","protected":false},"author":1,"featured_media":0,"parent":0,"menu_order":0,"comment_status":"closed","ping_status":"closed","template":"tpl-full-width.php","meta":{"_monsterinsights_skip_tracking":false,"_monsterinsights_sitenote_active":false,"_monsterinsights_sitenote_note":"","_monsterinsights_sitenote_category":0,"footnotes":""},"class_list":["post-116","page","type-page","status-publish","hentry"],"_links":{"self":[{"href":"https:\/\/seebad-lubmin.com\/index.php?rest_route=\/wp\/v2\/pages\/116","targetHints":{"allow":["GET"]}}],"collection":[{"href":"https:\/\/seebad-lubmin.com\/index.php?rest_route=\/wp\/v2\/pages"}],"about":[{"href":"https:\/\/seebad-lubmin.com\/index.php?rest_route=\/wp\/v2\/types\/page"}],"author":[{"embeddable":true,"href":"https:\/\/seebad-lubmin.com\/index.php?rest_route=\/wp\/v2\/users\/1"}],"replies":[{"embeddable":true,"href":"https:\/\/seebad-lubmin.com\/index.php?rest_route=%2Fwp%2Fv2%2Fcomments&post=116"}],"version-history":[{"count":13,"href":"https:\/\/seebad-lubmin.com\/index.php?rest_route=\/wp\/v2\/pages\/116\/revisions"}],"predecessor-version":[{"id":1124,"href":"https:\/\/seebad-lubmin.com\/index.php?rest_route=\/wp\/v2\/pages\/116\/revisions\/1124"}],"wp:attachment":[{"href":"https:\/\/seebad-lubmin.com\/index.php?rest_route=%2Fwp%2Fv2%2Fmedia&parent=116"}],"curies":[{"name":"wp","href":"https:\/\/api.w.org\/{rel}","templated":true}]}}